{"id":536,"date":"2018-05-10T09:20:23","date_gmt":"2018-05-10T09:20:23","guid":{"rendered":"http:\/\/rv-schoemberg.de\/?page_id=536"},"modified":"2026-01-21T12:51:23","modified_gmt":"2026-01-21T12:51:23","slug":"koppeln","status":"publish","type":"page","link":"https:\/\/rv-schoemberg.de\/?page_id=536","title":{"rendered":"Koppeln"},"content":{"rendered":"<p>Unsere Anlage verf\u00fcgt \u00fcber insgesamt vier gro\u00dfz\u00fcgige Koppeln, die grunds\u00e4tzlich allen Einstellern zur Verf\u00fcgung stehen.<\/p>\n<p>Im Sommer d\u00fcrfen die Pferde, je nach Witterung, den ganzen Tag oder die ganze Nacht im Freien verbringen.<\/p>\n<p>Auch im Winter d\u00fcrfen unsere Pferde auf die Koppeln!<\/p>\n<p>Zwei Koppeln werden durch unsere Wallachherden genutzt. Eine Koppel steht unserer Stutenherde zur Verf\u00fcgung.<\/p>\n<h3>Die Koppeln der Reitanlage<\/h3>\n<div data-carousel-extra='{\"blog_id\":1,\"permalink\":\"https:\\\/\\\/rv-schoemberg.de\\\/?page_id=536\"}' class=\"tiled-gallery type-rectangular\" data-original-width=\"780\"><div class=\"gallery-row\" style=\"width: 775px; height: 385px;\"><div class=\"gallery-group images-1\" style=\"width: 517px; height: 389px;\"><div class=\"tiled-gallery-item tiled-gallery-item-large\"><a href=\"https:\/\/rv-schoemberg.de\/?attachment_id=592\"><img loading=\"lazy\" decoding=\"async\" data-attachment-id=\"592\" data-orig-file=\"https:\/\/rv-schoemberg.de\/wp-content\/uploads\/2018\/05\/6-12.jpg\" data-orig-size=\"800,600\" data-comments-opened=\"1\" data-image-meta=\"{&quot;aperture&quot;:&quot;0&quot;,&quot;credit&quot;:&quot;&quot;,&quot;camera&quot;:&quot;&quot;,&quot;caption&quot;:&quot;&quot;,&quot;created_timestamp&quot;:&quot;0&quot;,&quot;copyright&quot;:&quot;&quot;,&quot;focal_length&quot;:&quot;0&quot;,&quot;iso&quot;:&quot;0&quot;,&quot;shutter_speed&quot;:&quot;0&quot;,&quot;title&quot;:&quot;&quot;,&quot;orientation&quot;:&quot;0&quot;}\" data-image-title=\"6\" data-image-description=\"\" data-medium-file=\"https:\/\/rv-schoemberg.de\/wp-content\/uploads\/2018\/05\/6-12-300x225.jpg\" data-large-file=\"https:\/\/rv-schoemberg.de\/wp-content\/uploads\/2018\/05\/6-12.jpg\" src=\"https:\/\/rv-schoemberg.de\/wp-content\/uploads\/2018\/05\/6-12-513x385.jpg\" width=\"513\" height=\"385\" align=\"left\" title=\"6\" \/><\/a><\/div><\/div><div class=\"gallery-group images-2\" style=\"width: 258px; height: 389px;\"><div class=\"tiled-gallery-item tiled-gallery-item-large\"><a href=\"https:\/\/rv-schoemberg.de\/?attachment_id=595\"><img loading=\"lazy\" decoding=\"async\" data-attachment-id=\"595\" data-orig-file=\"https:\/\/rv-schoemberg.de\/wp-content\/uploads\/2018\/05\/8-11.jpg\" data-orig-size=\"800,600\" data-comments-opened=\"1\" data-image-meta=\"{&quot;aperture&quot;:&quot;0&quot;,&quot;credit&quot;:&quot;&quot;,&quot;camera&quot;:&quot;&quot;,&quot;caption&quot;:&quot;&quot;,&quot;created_timestamp&quot;:&quot;0&quot;,&quot;copyright&quot;:&quot;&quot;,&quot;focal_length&quot;:&quot;0&quot;,&quot;iso&quot;:&quot;0&quot;,&quot;shutter_speed&quot;:&quot;0&quot;,&quot;title&quot;:&quot;&quot;,&quot;orientation&quot;:&quot;0&quot;}\" data-image-title=\"8\" data-image-description=\"\" data-medium-file=\"https:\/\/rv-schoemberg.de\/wp-content\/uploads\/2018\/05\/8-11-300x225.jpg\" data-large-file=\"https:\/\/rv-schoemberg.de\/wp-content\/uploads\/2018\/05\/8-11.jpg\" src=\"https:\/\/rv-schoemberg.de\/wp-content\/uploads\/2018\/05\/8-11-254x191.jpg\" width=\"254\" height=\"191\" align=\"left\" title=\"8\" \/><\/a><\/div><div class=\"tiled-gallery-item tiled-gallery-item-large\"><a href=\"https:\/\/rv-schoemberg.de\/?attachment_id=597\"><img loading=\"lazy\" decoding=\"async\" data-attachment-id=\"597\" data-orig-file=\"https:\/\/rv-schoemberg.de\/wp-content\/uploads\/2018\/05\/10-10.jpg\" data-orig-size=\"800,600\" data-comments-opened=\"1\" data-image-meta=\"{&quot;aperture&quot;:&quot;0&quot;,&quot;credit&quot;:&quot;&quot;,&quot;camera&quot;:&quot;&quot;,&quot;caption&quot;:&quot;&quot;,&quot;created_timestamp&quot;:&quot;0&quot;,&quot;copyright&quot;:&quot;&quot;,&quot;focal_length&quot;:&quot;0&quot;,&quot;iso&quot;:&quot;0&quot;,&quot;shutter_speed&quot;:&quot;0&quot;,&quot;title&quot;:&quot;&quot;,&quot;orientation&quot;:&quot;0&quot;}\" data-image-title=\"10\" data-image-description=\"\" data-medium-file=\"https:\/\/rv-schoemberg.de\/wp-content\/uploads\/2018\/05\/10-10-300x225.jpg\" data-large-file=\"https:\/\/rv-schoemberg.de\/wp-content\/uploads\/2018\/05\/10-10.jpg\" src=\"https:\/\/rv-schoemberg.de\/wp-content\/uploads\/2018\/05\/10-10-254x190.jpg\" width=\"254\" height=\"190\" align=\"left\" title=\"10\" \/><\/a><\/div><\/div><\/div><div class=\"gallery-row\" style=\"width: 775px; height: 191px;\"><div class=\"gallery-group images-1\" style=\"width: 259px; height: 195px;\"><div class=\"tiled-gallery-item tiled-gallery-item-large\"><a href=\"https:\/\/rv-schoemberg.de\/?attachment_id=598\"><img loading=\"lazy\" decoding=\"async\" data-attachment-id=\"598\" data-orig-file=\"https:\/\/rv-schoemberg.de\/wp-content\/uploads\/2018\/05\/11-9.jpg\" data-orig-size=\"800,600\" data-comments-opened=\"1\" data-image-meta=\"{&quot;aperture&quot;:&quot;0&quot;,&quot;credit&quot;:&quot;&quot;,&quot;camera&quot;:&quot;&quot;,&quot;caption&quot;:&quot;&quot;,&quot;created_timestamp&quot;:&quot;0&quot;,&quot;copyright&quot;:&quot;&quot;,&quot;focal_length&quot;:&quot;0&quot;,&quot;iso&quot;:&quot;0&quot;,&quot;shutter_speed&quot;:&quot;0&quot;,&quot;title&quot;:&quot;&quot;,&quot;orientation&quot;:&quot;0&quot;}\" data-image-title=\"11\" data-image-description=\"\" data-medium-file=\"https:\/\/rv-schoemberg.de\/wp-content\/uploads\/2018\/05\/11-9-300x225.jpg\" data-large-file=\"https:\/\/rv-schoemberg.de\/wp-content\/uploads\/2018\/05\/11-9.jpg\" src=\"https:\/\/rv-schoemberg.de\/wp-content\/uploads\/2018\/05\/11-9-255x191.jpg\" width=\"255\" height=\"191\" align=\"left\" title=\"11\" \/><\/a><\/div><\/div><div class=\"gallery-group images-1\" style=\"width: 258px; height: 195px;\"><div class=\"tiled-gallery-item tiled-gallery-item-large\"><a href=\"https:\/\/rv-schoemberg.de\/?attachment_id=599\"><img loading=\"lazy\" decoding=\"async\" data-attachment-id=\"599\" data-orig-file=\"https:\/\/rv-schoemberg.de\/wp-content\/uploads\/2018\/05\/12-8.jpg\" data-orig-size=\"800,600\" data-comments-opened=\"1\" data-image-meta=\"{&quot;aperture&quot;:&quot;0&quot;,&quot;credit&quot;:&quot;&quot;,&quot;camera&quot;:&quot;&quot;,&quot;caption&quot;:&quot;&quot;,&quot;created_timestamp&quot;:&quot;0&quot;,&quot;copyright&quot;:&quot;&quot;,&quot;focal_length&quot;:&quot;0&quot;,&quot;iso&quot;:&quot;0&quot;,&quot;shutter_speed&quot;:&quot;0&quot;,&quot;title&quot;:&quot;&quot;,&quot;orientation&quot;:&quot;0&quot;}\" data-image-title=\"12\" data-image-description=\"\" data-medium-file=\"https:\/\/rv-schoemberg.de\/wp-content\/uploads\/2018\/05\/12-8-300x225.jpg\" data-large-file=\"https:\/\/rv-schoemberg.de\/wp-content\/uploads\/2018\/05\/12-8.jpg\" src=\"https:\/\/rv-schoemberg.de\/wp-content\/uploads\/2018\/05\/12-8-254x191.jpg\" width=\"254\" height=\"191\" align=\"left\" title=\"12\" \/><\/a><\/div><\/div><div class=\"gallery-group images-1\" style=\"width: 258px; height: 195px;\"><div class=\"tiled-gallery-item tiled-gallery-item-large\"><a href=\"https:\/\/rv-schoemberg.de\/?attachment_id=600\"><img loading=\"lazy\" decoding=\"async\" data-attachment-id=\"600\" data-orig-file=\"https:\/\/rv-schoemberg.de\/wp-content\/uploads\/2018\/05\/13-8.jpg\" data-orig-size=\"800,600\" data-comments-opened=\"1\" data-image-meta=\"{&quot;aperture&quot;:&quot;0&quot;,&quot;credit&quot;:&quot;&quot;,&quot;camera&quot;:&quot;&quot;,&quot;caption&quot;:&quot;&quot;,&quot;created_timestamp&quot;:&quot;0&quot;,&quot;copyright&quot;:&quot;&quot;,&quot;focal_length&quot;:&quot;0&quot;,&quot;iso&quot;:&quot;0&quot;,&quot;shutter_speed&quot;:&quot;0&quot;,&quot;title&quot;:&quot;&quot;,&quot;orientation&quot;:&quot;0&quot;}\" data-image-title=\"13\" data-image-description=\"\" data-medium-file=\"https:\/\/rv-schoemberg.de\/wp-content\/uploads\/2018\/05\/13-8-300x225.jpg\" data-large-file=\"https:\/\/rv-schoemberg.de\/wp-content\/uploads\/2018\/05\/13-8.jpg\" src=\"https:\/\/rv-schoemberg.de\/wp-content\/uploads\/2018\/05\/13-8-254x191.jpg\" width=\"254\" height=\"191\" align=\"left\" title=\"13\" \/><\/a><\/div><\/div><\/div><div class=\"gallery-row\" style=\"width: 775px; height: 645px;\"><div class=\"gallery-group images-1\" style=\"width: 488px; height: 649px;\"><div class=\"tiled-gallery-item tiled-gallery-item-large\"><a href=\"https:\/\/rv-schoemberg.de\/?attachment_id=1216\"><img loading=\"lazy\" decoding=\"async\" data-attachment-id=\"1216\" data-orig-file=\"https:\/\/rv-schoemberg.de\/wp-content\/uploads\/2022\/06\/OKEN-1.jpg\" data-orig-size=\"1200,1600\" data-comments-opened=\"1\" data-image-meta=\"{&quot;aperture&quot;:&quot;0&quot;,&quot;credit&quot;:&quot;&quot;,&quot;camera&quot;:&quot;&quot;,&quot;caption&quot;:&quot;&quot;,&quot;created_timestamp&quot;:&quot;0&quot;,&quot;copyright&quot;:&quot;&quot;,&quot;focal_length&quot;:&quot;0&quot;,&quot;iso&quot;:&quot;0&quot;,&quot;shutter_speed&quot;:&quot;0&quot;,&quot;title&quot;:&quot;&quot;,&quot;orientation&quot;:&quot;0&quot;}\" data-image-title=\"OKEN\" data-image-description=\"\" data-medium-file=\"https:\/\/rv-schoemberg.de\/wp-content\/uploads\/2022\/06\/OKEN-1-225x300.jpg\" data-large-file=\"https:\/\/rv-schoemberg.de\/wp-content\/uploads\/2022\/06\/OKEN-1-768x1024.jpg\" src=\"https:\/\/rv-schoemberg.de\/wp-content\/uploads\/2022\/06\/OKEN-1-484x645.jpg\" width=\"484\" height=\"645\" align=\"left\" title=\"OKEN\" \/><\/a><\/div><\/div><div class=\"gallery-group images-3\" style=\"width: 287px; height: 649px;\"><div class=\"tiled-gallery-item tiled-gallery-item-large\"><a href=\"https:\/\/rv-schoemberg.de\/?attachment_id=691\"><img loading=\"lazy\" decoding=\"async\" data-attachment-id=\"691\" data-orig-file=\"https:\/\/rv-schoemberg.de\/wp-content\/uploads\/2018\/05\/29-3.jpg\" data-orig-size=\"1280,960\" data-comments-opened=\"1\" data-image-meta=\"{&quot;aperture&quot;:&quot;0&quot;,&quot;credit&quot;:&quot;&quot;,&quot;camera&quot;:&quot;&quot;,&quot;caption&quot;:&quot;&quot;,&quot;created_timestamp&quot;:&quot;0&quot;,&quot;copyright&quot;:&quot;&quot;,&quot;focal_length&quot;:&quot;0&quot;,&quot;iso&quot;:&quot;0&quot;,&quot;shutter_speed&quot;:&quot;0&quot;,&quot;title&quot;:&quot;&quot;,&quot;orientation&quot;:&quot;0&quot;}\" data-image-title=\"29\" data-image-description=\"\" data-medium-file=\"https:\/\/rv-schoemberg.de\/wp-content\/uploads\/2018\/05\/29-3-300x225.jpg\" data-large-file=\"https:\/\/rv-schoemberg.de\/wp-content\/uploads\/2018\/05\/29-3-1024x768.jpg\" src=\"https:\/\/rv-schoemberg.de\/wp-content\/uploads\/2018\/05\/29-3-283x213.jpg\" width=\"283\" height=\"213\" align=\"left\" title=\"29\" \/><\/a><\/div><div class=\"tiled-gallery-item tiled-gallery-item-large\"><a href=\"https:\/\/rv-schoemberg.de\/?attachment_id=692\"><img loading=\"lazy\" decoding=\"async\" data-attachment-id=\"692\" data-orig-file=\"https:\/\/rv-schoemberg.de\/wp-content\/uploads\/2018\/05\/30-3.jpg\" data-orig-size=\"1280,960\" data-comments-opened=\"1\" data-image-meta=\"{&quot;aperture&quot;:&quot;0&quot;,&quot;credit&quot;:&quot;&quot;,&quot;camera&quot;:&quot;&quot;,&quot;caption&quot;:&quot;&quot;,&quot;created_timestamp&quot;:&quot;0&quot;,&quot;copyright&quot;:&quot;&quot;,&quot;focal_length&quot;:&quot;0&quot;,&quot;iso&quot;:&quot;0&quot;,&quot;shutter_speed&quot;:&quot;0&quot;,&quot;title&quot;:&quot;&quot;,&quot;orientation&quot;:&quot;0&quot;}\" data-image-title=\"30\" data-image-description=\"\" data-medium-file=\"https:\/\/rv-schoemberg.de\/wp-content\/uploads\/2018\/05\/30-3-300x225.jpg\" data-large-file=\"https:\/\/rv-schoemberg.de\/wp-content\/uploads\/2018\/05\/30-3-1024x768.jpg\" src=\"https:\/\/rv-schoemberg.de\/wp-content\/uploads\/2018\/05\/30-3-283x212.jpg\" width=\"283\" height=\"212\" align=\"left\" title=\"30\" \/><\/a><\/div><div class=\"tiled-gallery-item tiled-gallery-item-large\"><a href=\"https:\/\/rv-schoemberg.de\/?attachment_id=693\"><img loading=\"lazy\" decoding=\"async\" data-attachment-id=\"693\" data-orig-file=\"https:\/\/rv-schoemberg.de\/wp-content\/uploads\/2018\/05\/31-3.jpg\" data-orig-size=\"1280,960\" data-comments-opened=\"1\" data-image-meta=\"{&quot;aperture&quot;:&quot;0&quot;,&quot;credit&quot;:&quot;&quot;,&quot;camera&quot;:&quot;&quot;,&quot;caption&quot;:&quot;&quot;,&quot;created_timestamp&quot;:&quot;0&quot;,&quot;copyright&quot;:&quot;&quot;,&quot;focal_length&quot;:&quot;0&quot;,&quot;iso&quot;:&quot;0&quot;,&quot;shutter_speed&quot;:&quot;0&quot;,&quot;title&quot;:&quot;&quot;,&quot;orientation&quot;:&quot;0&quot;}\" data-image-title=\"31\" data-image-description=\"\" data-medium-file=\"https:\/\/rv-schoemberg.de\/wp-content\/uploads\/2018\/05\/31-3-300x225.jpg\" data-large-file=\"https:\/\/rv-schoemberg.de\/wp-content\/uploads\/2018\/05\/31-3-1024x768.jpg\" src=\"https:\/\/rv-schoemberg.de\/wp-content\/uploads\/2018\/05\/31-3-283x212.jpg\" width=\"283\" height=\"212\" align=\"left\" title=\"31\" \/><\/a><\/div><\/div><\/div><div class=\"gallery-row\" style=\"width: 775px; height: 578px;\"><div class=\"gallery-group images-1\" style=\"width: 775px; height: 582px;\"><div class=\"tiled-gallery-item tiled-gallery-item-large\"><a href=\"https:\/\/rv-schoemberg.de\/?attachment_id=694\"><img loading=\"lazy\" decoding=\"async\" data-attachment-id=\"694\" data-orig-file=\"https:\/\/rv-schoemberg.de\/wp-content\/uploads\/2018\/05\/32-2.jpg\" data-orig-size=\"1280,960\" data-comments-opened=\"1\" data-image-meta=\"{&quot;aperture&quot;:&quot;0&quot;,&quot;credit&quot;:&quot;&quot;,&quot;camera&quot;:&quot;&quot;,&quot;caption&quot;:&quot;&quot;,&quot;created_timestamp&quot;:&quot;0&quot;,&quot;copyright&quot;:&quot;&quot;,&quot;focal_length&quot;:&quot;0&quot;,&quot;iso&quot;:&quot;0&quot;,&quot;shutter_speed&quot;:&quot;0&quot;,&quot;title&quot;:&quot;&quot;,&quot;orientation&quot;:&quot;0&quot;}\" data-image-title=\"32\" data-image-description=\"\" data-medium-file=\"https:\/\/rv-schoemberg.de\/wp-content\/uploads\/2018\/05\/32-2-300x225.jpg\" data-large-file=\"https:\/\/rv-schoemberg.de\/wp-content\/uploads\/2018\/05\/32-2-1024x768.jpg\" src=\"https:\/\/rv-schoemberg.de\/wp-content\/uploads\/2018\/05\/32-2-771x578.jpg\" width=\"771\" height=\"578\" align=\"left\" title=\"32\" \/><\/a><\/div><\/div><\/div><\/div>\n","protected":false},"excerpt":{"rendered":"<p>Unsere Anlage verf\u00fcgt \u00fcber insgesamt vier gro\u00dfz\u00fcgige Koppeln, die grunds\u00e4tzlich allen Einstellern zur Verf\u00fcgung stehen. Im Sommer d\u00fcrfen die Pferde, [&hellip;]<\/p>\n","protected":false},"author":1,"featured_media":0,"parent":0,"menu_order":0,"comment_status":"closed","ping_status":"closed","template":"","meta":{"footnotes":""},"class_list":["post-536","page","type-page","status-publish","hentry"],"_links":{"self":[{"href":"https:\/\/rv-schoemberg.de\/index.php?rest_route=\/wp\/v2\/pages\/536","targetHints":{"allow":["GET"]}}],"collection":[{"href":"https:\/\/rv-schoemberg.de\/index.php?rest_route=\/wp\/v2\/pages"}],"about":[{"href":"https:\/\/rv-schoemberg.de\/index.php?rest_route=\/wp\/v2\/types\/page"}],"author":[{"embeddable":true,"href":"https:\/\/rv-schoemberg.de\/index.php?rest_route=\/wp\/v2\/users\/1"}],"replies":[{"embeddable":true,"href":"https:\/\/rv-schoemberg.de\/index.php?rest_route=%2Fwp%2Fv2%2Fcomments&post=536"}],"version-history":[{"count":13,"href":"https:\/\/rv-schoemberg.de\/index.php?rest_route=\/wp\/v2\/pages\/536\/revisions"}],"predecessor-version":[{"id":1278,"href":"https:\/\/rv-schoemberg.de\/index.php?rest_route=\/wp\/v2\/pages\/536\/revisions\/1278"}],"wp:attachment":[{"href":"https:\/\/rv-schoemberg.de\/index.php?rest_route=%2Fwp%2Fv2%2Fmedia&parent=536"}],"curies":[{"name":"wp","href":"https:\/\/api.w.org\/{rel}","templated":true}]}}