{"id":535,"date":"2018-05-10T09:20:22","date_gmt":"2018-05-10T09:20:22","guid":{"rendered":"http:\/\/rv-schoemberg.de\/?page_id=535"},"modified":"2026-01-21T12:48:18","modified_gmt":"2026-01-21T12:48:18","slug":"stallungen","status":"publish","type":"page","link":"https:\/\/rv-schoemberg.de\/?page_id=535","title":{"rendered":"Stallungen"},"content":{"rendered":"<p>Der Stall Schmidinger ist mit ca. 40 Boxen verschiedener Gr\u00f6\u00dfen ausgestattet.<\/p>\n<p>Ein Teil des Innenstalls ist frisch renoviert und mit 18 neuen gro\u00dfen Boxen ausgestattet. Die Pferde haben hier alle die M\u00f6glichkeit, auf die Stallgasse herauszuschauen. Die meisten Boxen haben zus\u00e4tzlich auch Fenster auf den Hof hinaus.<br \/>\nDiesem Teil schlie\u00dfen sich 9 weitere Boxen an. Diese haben ebenfalls Fenster, um auf die Stallgasse zu blicken.<\/p>\n<p>Es werden au\u00dferdem 16 gro\u00dfe Au\u00dfenboxen angeboten. Diese haben alle Fenster mit Blick in den Hof.<\/p>\n<p>Die vielen Fenster, Tore und T\u00fcren erm\u00f6glichen stets frische Luft und ein sehr gutes Stallklima.<\/p>\n<p>Sollten Sie Interesse an einer Box bei uns im Stall haben, melden Sie sich gerne oder schauen Sie einfach pers\u00f6nlich bei uns vorbei!<\/p>\n","protected":false},"excerpt":{"rendered":"<p>Der Stall Schmidinger ist mit ca. 40 Boxen verschiedener Gr\u00f6\u00dfen ausgestattet. Ein Teil des Innenstalls ist frisch renoviert und mit [&hellip;]<\/p>\n","protected":false},"author":1,"featured_media":0,"parent":0,"menu_order":0,"comment_status":"closed","ping_status":"closed","template":"","meta":{"footnotes":""},"class_list":["post-535","page","type-page","status-publish","hentry"],"_links":{"self":[{"href":"https:\/\/rv-schoemberg.de\/index.php?rest_route=\/wp\/v2\/pages\/535","targetHints":{"allow":["GET"]}}],"collection":[{"href":"https:\/\/rv-schoemberg.de\/index.php?rest_route=\/wp\/v2\/pages"}],"about":[{"href":"https:\/\/rv-schoemberg.de\/index.php?rest_route=\/wp\/v2\/types\/page"}],"author":[{"embeddable":true,"href":"https:\/\/rv-schoemberg.de\/index.php?rest_route=\/wp\/v2\/users\/1"}],"replies":[{"embeddable":true,"href":"https:\/\/rv-schoemberg.de\/index.php?rest_route=%2Fwp%2Fv2%2Fcomments&post=535"}],"version-history":[{"count":12,"href":"https:\/\/rv-schoemberg.de\/index.php?rest_route=\/wp\/v2\/pages\/535\/revisions"}],"predecessor-version":[{"id":1276,"href":"https:\/\/rv-schoemberg.de\/index.php?rest_route=\/wp\/v2\/pages\/535\/revisions\/1276"}],"wp:attachment":[{"href":"https:\/\/rv-schoemberg.de\/index.php?rest_route=%2Fwp%2Fv2%2Fmedia&parent=535"}],"curies":[{"name":"wp","href":"https:\/\/api.w.org\/{rel}","templated":true}]}}