{"id":32,"date":"2018-05-06T09:49:31","date_gmt":"2018-05-06T09:49:31","guid":{"rendered":"http:\/\/rv-schoemberg.de\/?page_id=32"},"modified":"2024-09-04T08:15:34","modified_gmt":"2024-09-04T08:15:34","slug":"schulbetrieb","status":"publish","type":"page","link":"https:\/\/rv-schoemberg.de\/?page_id=32","title":{"rendered":"Schulbetrieb"},"content":{"rendered":"<p>Seit kurzem bieten wir keinen Schulbetrieb auf Schulpferden mehr an.<\/p>\n<p>F\u00fcr Einsteller und deren Reitbeteiligungen werden weiterhin Reitstunden angeboten.<\/p>\n<p>Dressurstunden k\u00f6nnen sowohl bei Eva-Maria Schmidinger als auch bei J\u00fcrgen Schmidinger, allein oder in der Gruppe genommen werden. Diese finden entweder auf einem Drittel des Au\u00dfenplatzes oder in der kleinen Halle statt.<\/p>\n<p>Die Springstunden finden immer mittwochabends bei J\u00fcrgen Schmidinger, einzeln oder zu zweit statt. Im Sommer wird in der gro\u00dfen Halle abgeritten und auf dem gro\u00dfen Au\u00dfenplatz gesprungen. Im Winter wird in der kleinen Halle abgeritten und in der gro\u00dfen Halle gesprungen.<\/p>\n","protected":false},"excerpt":{"rendered":"<p>Seit kurzem bieten wir keinen Schulbetrieb auf Schulpferden mehr an. F\u00fcr Einsteller und deren Reitbeteiligungen werden weiterhin Reitstunden angeboten. Dressurstunden [&hellip;]<\/p>\n","protected":false},"author":1,"featured_media":0,"parent":0,"menu_order":0,"comment_status":"closed","ping_status":"closed","template":"","meta":{"footnotes":""},"class_list":["post-32","page","type-page","status-publish","hentry"],"_links":{"self":[{"href":"https:\/\/rv-schoemberg.de\/index.php?rest_route=\/wp\/v2\/pages\/32","targetHints":{"allow":["GET"]}}],"collection":[{"href":"https:\/\/rv-schoemberg.de\/index.php?rest_route=\/wp\/v2\/pages"}],"about":[{"href":"https:\/\/rv-schoemberg.de\/index.php?rest_route=\/wp\/v2\/types\/page"}],"author":[{"embeddable":true,"href":"https:\/\/rv-schoemberg.de\/index.php?rest_route=\/wp\/v2\/users\/1"}],"replies":[{"embeddable":true,"href":"https:\/\/rv-schoemberg.de\/index.php?rest_route=%2Fwp%2Fv2%2Fcomments&post=32"}],"version-history":[{"count":9,"href":"https:\/\/rv-schoemberg.de\/index.php?rest_route=\/wp\/v2\/pages\/32\/revisions"}],"predecessor-version":[{"id":1238,"href":"https:\/\/rv-schoemberg.de\/index.php?rest_route=\/wp\/v2\/pages\/32\/revisions\/1238"}],"wp:attachment":[{"href":"https:\/\/rv-schoemberg.de\/index.php?rest_route=%2Fwp%2Fv2%2Fmedia&parent=32"}],"curies":[{"name":"wp","href":"https:\/\/api.w.org\/{rel}","templated":true}]}}