{"id":539,"date":"2018-05-10T09:20:23","date_gmt":"2018-05-10T09:20:23","guid":{"rendered":"http:\/\/rv-schoemberg.de\/?page_id=539"},"modified":"2024-09-04T07:48:27","modified_gmt":"2024-09-04T07:48:27","slug":"reiterstueble","status":"publish","type":"page","link":"http:\/\/rv-schoemberg.de\/?page_id=539","title":{"rendered":"Reiterst\u00fcble"},"content":{"rendered":"<p>Das Reiterst\u00fcble bietet mit seinem gro\u00dfem Nebenraum Platz f\u00fcr ca. 70 G\u00e4ste.<\/p>\n<p>Ein sch\u00f6ner, gem\u00fctlicher Ort zum Verweilen und um den Reitern in den beiden Hallen zuzuschauen. In unserem Reiterst\u00fcble sind auch die Springstunden \u00fcber einen Beamer mitzuverfolgen.<\/p>\n<p>Das Reiterst\u00fcble wird von Eva-Maria Schmidinger und unserem St\u00fcble-Team regelm\u00e4\u00dfig bewirtet. So wird der Zusammenhalt im Stall gef\u00f6rdert und es kommen gute Gespr\u00e4che zustande.<\/p>\n<p>Im Sommer kann man an unserem H\u00fcttle neben dem Reitplatz, bei einem kalten Getr\u00e4nk und oftmals auch bei einer leckeren Grillwurst Stalltag ausklingen lassen.<\/p>\n<p>Auch Nichtreiter sind nat\u00fcrlich immer herzlich Willkommen.<\/p>\n<h3>Das Reiterst\u00fcble<\/h3>\n<div data-carousel-extra='{\"blog_id\":1,\"permalink\":\"http:\\\/\\\/rv-schoemberg.de\\\/?page_id=539\"}' class=\"tiled-gallery type-rectangular\" data-original-width=\"780\"><div class=\"gallery-row\" style=\"width: 775px; height: 342px;\"><div class=\"gallery-group images-1\" style=\"width: 517px; height: 346px;\"><div class=\"tiled-gallery-item tiled-gallery-item-large\"><a href=\"http:\/\/rv-schoemberg.de\/?attachment_id=582\"><img loading=\"lazy\" decoding=\"async\" data-attachment-id=\"582\" data-orig-file=\"http:\/\/rv-schoemberg.de\/wp-content\/uploads\/2018\/05\/5-12.jpg\" data-orig-size=\"450,300\" data-comments-opened=\"1\" data-image-meta=\"{&quot;aperture&quot;:&quot;0&quot;,&quot;credit&quot;:&quot;&quot;,&quot;camera&quot;:&quot;&quot;,&quot;caption&quot;:&quot;&quot;,&quot;created_timestamp&quot;:&quot;0&quot;,&quot;copyright&quot;:&quot;&quot;,&quot;focal_length&quot;:&quot;0&quot;,&quot;iso&quot;:&quot;0&quot;,&quot;shutter_speed&quot;:&quot;0&quot;,&quot;title&quot;:&quot;&quot;,&quot;orientation&quot;:&quot;0&quot;}\" data-image-title=\"5\" data-image-description=\"\" data-medium-file=\"http:\/\/rv-schoemberg.de\/wp-content\/uploads\/2018\/05\/5-12-300x200.jpg\" data-large-file=\"http:\/\/rv-schoemberg.de\/wp-content\/uploads\/2018\/05\/5-12.jpg\" src=\"http:\/\/rv-schoemberg.de\/wp-content\/uploads\/2018\/05\/5-12.jpg\" width=\"513\" height=\"342\" align=\"left\" title=\"5\" \/><\/a><\/div><\/div><div class=\"gallery-group images-2\" style=\"width: 258px; height: 346px;\"><div class=\"tiled-gallery-item tiled-gallery-item-large\"><a href=\"http:\/\/rv-schoemberg.de\/?attachment_id=580\"><img loading=\"lazy\" decoding=\"async\" data-attachment-id=\"580\" data-orig-file=\"http:\/\/rv-schoemberg.de\/wp-content\/uploads\/2018\/05\/3-17.jpg\" data-orig-size=\"450,300\" data-comments-opened=\"1\" data-image-meta=\"{&quot;aperture&quot;:&quot;0&quot;,&quot;credit&quot;:&quot;&quot;,&quot;camera&quot;:&quot;&quot;,&quot;caption&quot;:&quot;&quot;,&quot;created_timestamp&quot;:&quot;0&quot;,&quot;copyright&quot;:&quot;&quot;,&quot;focal_length&quot;:&quot;0&quot;,&quot;iso&quot;:&quot;0&quot;,&quot;shutter_speed&quot;:&quot;0&quot;,&quot;title&quot;:&quot;&quot;,&quot;orientation&quot;:&quot;0&quot;}\" data-image-title=\"3\" data-image-description=\"\" data-medium-file=\"http:\/\/rv-schoemberg.de\/wp-content\/uploads\/2018\/05\/3-17-300x200.jpg\" data-large-file=\"http:\/\/rv-schoemberg.de\/wp-content\/uploads\/2018\/05\/3-17.jpg\" src=\"http:\/\/rv-schoemberg.de\/wp-content\/uploads\/2018\/05\/3-17-254x169.jpg\" width=\"254\" height=\"169\" align=\"left\" title=\"3\" \/><\/a><\/div><div class=\"tiled-gallery-item tiled-gallery-item-large\"><a href=\"http:\/\/rv-schoemberg.de\/?attachment_id=626\"><img loading=\"lazy\" decoding=\"async\" data-attachment-id=\"626\" data-orig-file=\"http:\/\/rv-schoemberg.de\/wp-content\/uploads\/2018\/05\/19-3.jpg\" data-orig-size=\"450,300\" data-comments-opened=\"1\" data-image-meta=\"{&quot;aperture&quot;:&quot;0&quot;,&quot;credit&quot;:&quot;&quot;,&quot;camera&quot;:&quot;&quot;,&quot;caption&quot;:&quot;&quot;,&quot;created_timestamp&quot;:&quot;0&quot;,&quot;copyright&quot;:&quot;&quot;,&quot;focal_length&quot;:&quot;0&quot;,&quot;iso&quot;:&quot;0&quot;,&quot;shutter_speed&quot;:&quot;0&quot;,&quot;title&quot;:&quot;&quot;,&quot;orientation&quot;:&quot;0&quot;}\" data-image-title=\"19\" data-image-description=\"\" data-medium-file=\"http:\/\/rv-schoemberg.de\/wp-content\/uploads\/2018\/05\/19-3-300x200.jpg\" data-large-file=\"http:\/\/rv-schoemberg.de\/wp-content\/uploads\/2018\/05\/19-3.jpg\" src=\"http:\/\/rv-schoemberg.de\/wp-content\/uploads\/2018\/05\/19-3-254x169.jpg\" width=\"254\" height=\"169\" align=\"left\" title=\"19\" \/><\/a><\/div><\/div><\/div><div class=\"gallery-row\" style=\"width: 775px; height: 514px;\"><div class=\"gallery-group images-1\" style=\"width: 775px; height: 518px;\"><div class=\"tiled-gallery-item tiled-gallery-item-large\"><a href=\"http:\/\/rv-schoemberg.de\/?attachment_id=581\"><img loading=\"lazy\" decoding=\"async\" data-attachment-id=\"581\" data-orig-file=\"http:\/\/rv-schoemberg.de\/wp-content\/uploads\/2018\/05\/4-16.jpg\" data-orig-size=\"450,300\" data-comments-opened=\"1\" data-image-meta=\"{&quot;aperture&quot;:&quot;0&quot;,&quot;credit&quot;:&quot;&quot;,&quot;camera&quot;:&quot;&quot;,&quot;caption&quot;:&quot;&quot;,&quot;created_timestamp&quot;:&quot;0&quot;,&quot;copyright&quot;:&quot;&quot;,&quot;focal_length&quot;:&quot;0&quot;,&quot;iso&quot;:&quot;0&quot;,&quot;shutter_speed&quot;:&quot;0&quot;,&quot;title&quot;:&quot;&quot;,&quot;orientation&quot;:&quot;0&quot;}\" data-image-title=\"4\" data-image-description=\"\" data-medium-file=\"http:\/\/rv-schoemberg.de\/wp-content\/uploads\/2018\/05\/4-16-300x200.jpg\" data-large-file=\"http:\/\/rv-schoemberg.de\/wp-content\/uploads\/2018\/05\/4-16.jpg\" src=\"http:\/\/rv-schoemberg.de\/wp-content\/uploads\/2018\/05\/4-16.jpg\" width=\"771\" height=\"514\" align=\"left\" title=\"4\" \/><\/a><\/div><\/div><\/div><\/div>\n","protected":false},"excerpt":{"rendered":"<p>Das Reiterst\u00fcble bietet mit seinem gro\u00dfem Nebenraum Platz f\u00fcr ca. 70 G\u00e4ste. Ein sch\u00f6ner, gem\u00fctlicher Ort zum Verweilen und um [&hellip;]<\/p>\n","protected":false},"author":1,"featured_media":0,"parent":0,"menu_order":0,"comment_status":"closed","ping_status":"closed","template":"","meta":{"footnotes":""},"class_list":["post-539","page","type-page","status-publish","hentry"],"_links":{"self":[{"href":"http:\/\/rv-schoemberg.de\/index.php?rest_route=\/wp\/v2\/pages\/539","targetHints":{"allow":["GET"]}}],"collection":[{"href":"http:\/\/rv-schoemberg.de\/index.php?rest_route=\/wp\/v2\/pages"}],"about":[{"href":"http:\/\/rv-schoemberg.de\/index.php?rest_route=\/wp\/v2\/types\/page"}],"author":[{"embeddable":true,"href":"http:\/\/rv-schoemberg.de\/index.php?rest_route=\/wp\/v2\/users\/1"}],"replies":[{"embeddable":true,"href":"http:\/\/rv-schoemberg.de\/index.php?rest_route=%2Fwp%2Fv2%2Fcomments&post=539"}],"version-history":[{"count":8,"href":"http:\/\/rv-schoemberg.de\/index.php?rest_route=\/wp\/v2\/pages\/539\/revisions"}],"predecessor-version":[{"id":1232,"href":"http:\/\/rv-schoemberg.de\/index.php?rest_route=\/wp\/v2\/pages\/539\/revisions\/1232"}],"wp:attachment":[{"href":"http:\/\/rv-schoemberg.de\/index.php?rest_route=%2Fwp%2Fv2%2Fmedia&parent=539"}],"curies":[{"name":"wp","href":"https:\/\/api.w.org\/{rel}","templated":true}]}}