{"id":537,"date":"2018-05-10T09:20:23","date_gmt":"2018-05-10T09:20:23","guid":{"rendered":"http:\/\/rv-schoemberg.de\/?page_id=537"},"modified":"2024-09-04T07:49:12","modified_gmt":"2024-09-04T07:49:12","slug":"fuehranlage","status":"publish","type":"page","link":"http:\/\/rv-schoemberg.de\/?page_id=537","title":{"rendered":"F\u00fchranlage"},"content":{"rendered":"<p>Die \u00fcberdachte F\u00fchranlage bietet Platz f\u00fcr bis zu vier Pferde. Sie kann das ganze Jahr \u00fcber genutzt werden, um den Pferden ein zus\u00e4tzliches Bewegungsangebot zu bieten. Vor allem im Winter wird sie sehr gerne in Anspruch genommen. Es k\u00f6nnen verschiedene Einstellungen bez\u00fcglich der Bewegung des Pferdes vorgenommen werden.<\/p>\n","protected":false},"excerpt":{"rendered":"<p>Die \u00fcberdachte F\u00fchranlage bietet Platz f\u00fcr bis zu vier Pferde. Sie kann das ganze Jahr \u00fcber genutzt werden, um den [&hellip;]<\/p>\n","protected":false},"author":1,"featured_media":0,"parent":0,"menu_order":0,"comment_status":"closed","ping_status":"closed","template":"","meta":{"footnotes":""},"class_list":["post-537","page","type-page","status-publish","hentry"],"_links":{"self":[{"href":"http:\/\/rv-schoemberg.de\/index.php?rest_route=\/wp\/v2\/pages\/537","targetHints":{"allow":["GET"]}}],"collection":[{"href":"http:\/\/rv-schoemberg.de\/index.php?rest_route=\/wp\/v2\/pages"}],"about":[{"href":"http:\/\/rv-schoemberg.de\/index.php?rest_route=\/wp\/v2\/types\/page"}],"author":[{"embeddable":true,"href":"http:\/\/rv-schoemberg.de\/index.php?rest_route=\/wp\/v2\/users\/1"}],"replies":[{"embeddable":true,"href":"http:\/\/rv-schoemberg.de\/index.php?rest_route=%2Fwp%2Fv2%2Fcomments&post=537"}],"version-history":[{"count":5,"href":"http:\/\/rv-schoemberg.de\/index.php?rest_route=\/wp\/v2\/pages\/537\/revisions"}],"predecessor-version":[{"id":1233,"href":"http:\/\/rv-schoemberg.de\/index.php?rest_route=\/wp\/v2\/pages\/537\/revisions\/1233"}],"wp:attachment":[{"href":"http:\/\/rv-schoemberg.de\/index.php?rest_route=%2Fwp%2Fv2%2Fmedia&parent=537"}],"curies":[{"name":"wp","href":"https:\/\/api.w.org\/{rel}","templated":true}]}}