{"id":534,"date":"2018-05-10T09:20:22","date_gmt":"2018-05-10T09:20:22","guid":{"rendered":"http:\/\/rv-schoemberg.de\/?page_id=534"},"modified":"2024-09-04T08:33:36","modified_gmt":"2024-09-04T08:33:36","slug":"aussenplatz","status":"publish","type":"page","link":"http:\/\/rv-schoemberg.de\/?page_id=534","title":{"rendered":"Au\u00dfenplatz"},"content":{"rendered":"<p>Der Sandplatz wurde im Jahr 1995 erbaut. Die Ma\u00dfe des Sandplatzes betragen 43 Meter mal 64 Meter. Der Boden des Reitplatzes wurde im Jahr 2020 durch einen Oberfl\u00e4chen-Entw\u00e4sserungssand ausgetauscht. Dieser wird bei Bedarf regelm\u00e4\u00dfig wieder aufgef\u00fcllt.<\/p>\n<p>Auf unserem gro\u00dfen Au\u00dfenplatz findet seit Jahren unser allj\u00e4hrliches gro\u00dfes Freiland-Springturnier statt.<\/p>\n<p>An unserem Au\u00dfenplatz sind zwei Flutlichtmasten aufgestellt, damit auch abends im Sommer, bei Einbruch der Dunkelheit, im Flutlicht trainiert werden kann.<\/p>\n<p>Au\u00dferdem ist eine automatisch-gesteuerte Bew\u00e4sserung des Sandplatzes m\u00f6glich.<\/p>\n<h3>Der Au\u00dfenplatz<\/h3>\n<div data-carousel-extra='{\"blog_id\":1,\"permalink\":\"http:\\\/\\\/rv-schoemberg.de\\\/?page_id=534\"}' class=\"tiled-gallery type-rectangular\" data-original-width=\"780\"><div class=\"gallery-row\" style=\"width: 775px; height: 378px;\"><div class=\"gallery-group images-1\" style=\"width: 507px; height: 382px;\"><div class=\"tiled-gallery-item tiled-gallery-item-large\"><a href=\"http:\/\/rv-schoemberg.de\/?attachment_id=628\"><img loading=\"lazy\" decoding=\"async\" data-attachment-id=\"628\" data-orig-file=\"http:\/\/rv-schoemberg.de\/wp-content\/uploads\/2018\/05\/21-3.jpg\" data-orig-size=\"800,600\" data-comments-opened=\"1\" data-image-meta=\"{&quot;aperture&quot;:&quot;0&quot;,&quot;credit&quot;:&quot;&quot;,&quot;camera&quot;:&quot;&quot;,&quot;caption&quot;:&quot;&quot;,&quot;created_timestamp&quot;:&quot;0&quot;,&quot;copyright&quot;:&quot;&quot;,&quot;focal_length&quot;:&quot;0&quot;,&quot;iso&quot;:&quot;0&quot;,&quot;shutter_speed&quot;:&quot;0&quot;,&quot;title&quot;:&quot;&quot;,&quot;orientation&quot;:&quot;0&quot;}\" data-image-title=\"21\" data-image-description=\"\" data-medium-file=\"http:\/\/rv-schoemberg.de\/wp-content\/uploads\/2018\/05\/21-3-300x225.jpg\" data-large-file=\"http:\/\/rv-schoemberg.de\/wp-content\/uploads\/2018\/05\/21-3.jpg\" src=\"http:\/\/rv-schoemberg.de\/wp-content\/uploads\/2018\/05\/21-3-503x378.jpg\" width=\"503\" height=\"378\" align=\"left\" title=\"21\" \/><\/a><\/div><\/div><div class=\"gallery-group images-2\" style=\"width: 268px; height: 382px;\"><div class=\"tiled-gallery-item tiled-gallery-item-large\"><a href=\"http:\/\/rv-schoemberg.de\/?attachment_id=626\"><img loading=\"lazy\" decoding=\"async\" data-attachment-id=\"626\" data-orig-file=\"http:\/\/rv-schoemberg.de\/wp-content\/uploads\/2018\/05\/19-3.jpg\" data-orig-size=\"450,300\" data-comments-opened=\"1\" data-image-meta=\"{&quot;aperture&quot;:&quot;0&quot;,&quot;credit&quot;:&quot;&quot;,&quot;camera&quot;:&quot;&quot;,&quot;caption&quot;:&quot;&quot;,&quot;created_timestamp&quot;:&quot;0&quot;,&quot;copyright&quot;:&quot;&quot;,&quot;focal_length&quot;:&quot;0&quot;,&quot;iso&quot;:&quot;0&quot;,&quot;shutter_speed&quot;:&quot;0&quot;,&quot;title&quot;:&quot;&quot;,&quot;orientation&quot;:&quot;0&quot;}\" data-image-title=\"19\" data-image-description=\"\" data-medium-file=\"http:\/\/rv-schoemberg.de\/wp-content\/uploads\/2018\/05\/19-3-300x200.jpg\" data-large-file=\"http:\/\/rv-schoemberg.de\/wp-content\/uploads\/2018\/05\/19-3.jpg\" src=\"http:\/\/rv-schoemberg.de\/wp-content\/uploads\/2018\/05\/19-3-264x176.jpg\" width=\"264\" height=\"176\" align=\"left\" title=\"19\" \/><\/a><\/div><div class=\"tiled-gallery-item tiled-gallery-item-large\"><a href=\"http:\/\/rv-schoemberg.de\/?attachment_id=627\"><img loading=\"lazy\" decoding=\"async\" data-attachment-id=\"627\" data-orig-file=\"http:\/\/rv-schoemberg.de\/wp-content\/uploads\/2018\/05\/20-3.jpg\" data-orig-size=\"733,550\" data-comments-opened=\"1\" data-image-meta=\"{&quot;aperture&quot;:&quot;0&quot;,&quot;credit&quot;:&quot;&quot;,&quot;camera&quot;:&quot;&quot;,&quot;caption&quot;:&quot;&quot;,&quot;created_timestamp&quot;:&quot;0&quot;,&quot;copyright&quot;:&quot;&quot;,&quot;focal_length&quot;:&quot;0&quot;,&quot;iso&quot;:&quot;0&quot;,&quot;shutter_speed&quot;:&quot;0&quot;,&quot;title&quot;:&quot;&quot;,&quot;orientation&quot;:&quot;0&quot;}\" data-image-title=\"20\" data-image-description=\"\" data-medium-file=\"http:\/\/rv-schoemberg.de\/wp-content\/uploads\/2018\/05\/20-3-300x225.jpg\" data-large-file=\"http:\/\/rv-schoemberg.de\/wp-content\/uploads\/2018\/05\/20-3.jpg\" src=\"http:\/\/rv-schoemberg.de\/wp-content\/uploads\/2018\/05\/20-3-264x198.jpg\" width=\"264\" height=\"198\" align=\"left\" title=\"20\" \/><\/a><\/div><\/div><\/div><\/div>\n","protected":false},"excerpt":{"rendered":"<p>Der Sandplatz wurde im Jahr 1995 erbaut. Die Ma\u00dfe des Sandplatzes betragen 43 Meter mal 64 Meter. Der Boden des [&hellip;]<\/p>\n","protected":false},"author":1,"featured_media":0,"parent":0,"menu_order":0,"comment_status":"closed","ping_status":"closed","template":"","meta":{"footnotes":""},"class_list":["post-534","page","type-page","status-publish","hentry"],"_links":{"self":[{"href":"http:\/\/rv-schoemberg.de\/index.php?rest_route=\/wp\/v2\/pages\/534","targetHints":{"allow":["GET"]}}],"collection":[{"href":"http:\/\/rv-schoemberg.de\/index.php?rest_route=\/wp\/v2\/pages"}],"about":[{"href":"http:\/\/rv-schoemberg.de\/index.php?rest_route=\/wp\/v2\/types\/page"}],"author":[{"embeddable":true,"href":"http:\/\/rv-schoemberg.de\/index.php?rest_route=\/wp\/v2\/users\/1"}],"replies":[{"embeddable":true,"href":"http:\/\/rv-schoemberg.de\/index.php?rest_route=%2Fwp%2Fv2%2Fcomments&post=534"}],"version-history":[{"count":4,"href":"http:\/\/rv-schoemberg.de\/index.php?rest_route=\/wp\/v2\/pages\/534\/revisions"}],"predecessor-version":[{"id":1242,"href":"http:\/\/rv-schoemberg.de\/index.php?rest_route=\/wp\/v2\/pages\/534\/revisions\/1242"}],"wp:attachment":[{"href":"http:\/\/rv-schoemberg.de\/index.php?rest_route=%2Fwp%2Fv2%2Fmedia&parent=534"}],"curies":[{"name":"wp","href":"https:\/\/api.w.org\/{rel}","templated":true}]}}