{"id":533,"date":"2018-05-10T09:20:22","date_gmt":"2018-05-10T09:20:22","guid":{"rendered":"http:\/\/rv-schoemberg.de\/?page_id=533"},"modified":"2024-09-04T08:38:53","modified_gmt":"2024-09-04T08:38:53","slug":"reithallen","status":"publish","type":"page","link":"http:\/\/rv-schoemberg.de\/?page_id=533","title":{"rendered":"Reithallen"},"content":{"rendered":"<p><strong>Die &#8222;kleine&#8220; Reithalle &#8211; 21 x 35 Meter<br \/>\n<\/strong>Unsere kleine Reithalle wurde im Jahr 1979 erbaut. 2005 wurde diese Reithalle dann renoviert, die Bande und der Hallenboden wurden komplett erneuert. Im Jahr 2018 wurde der Boden nochmals erneuert. 2023 wurden alle Lampen durch LED-Lampen ausgetauscht.<\/p>\n<p>In dieser findet an mehreren Tagen Reitunterricht statt. In den freien Zeiten ohne Reitunterricht, kann die Halle zum Longieren und &#8222;Frei laufen lassen&#8220; genutzt werden.<\/p>\n<p><strong>Die &#8222;gro\u00dfe&#8220; Reithalle &#8211; 20 x 40 Meter<br \/>\n<\/strong>Im Jahr 2005 wurde im Stall Schmidinger eine zweite Reithalle gebaut. Hier findet, bis auf die Springstunden im Winter, kein Schulbetrieb statt.<\/p>\n<p>Die Halle ist mit einem hervorragenden Reitboden aus Sand und Terratex-Flies ausgestattet. Dieser wurde im Jahr 2020 ebenfalls erneuert. Auch diese Halle ist seit 2023 g\u00e4nzlich mit LED-Lampen ausgestattet.<\/p>\n<p>Da die gro\u00dfe Halle nicht im Blickfeld des Reiterst\u00fcbles liegt, wurde die Reithalle zus\u00e4tzlich mit einer Video-Kamera ausgestattet, die im Reiterst\u00fcble eine Live-\u00dcbertragung erm\u00f6glicht.<\/p>\n<h3>Die zwei Reithallen<\/h3>\n<div data-carousel-extra='{\"blog_id\":1,\"permalink\":\"http:\\\/\\\/rv-schoemberg.de\\\/?page_id=533\"}' class=\"tiled-gallery type-rectangular\" data-original-width=\"780\"><div class=\"gallery-row\" style=\"width: 775px; height: 342px;\"><div class=\"gallery-group images-1\" style=\"width: 517px; height: 346px;\"><div class=\"tiled-gallery-item tiled-gallery-item-large\"><a href=\"http:\/\/rv-schoemberg.de\/?attachment_id=637\"><img loading=\"lazy\" decoding=\"async\" data-attachment-id=\"637\" data-orig-file=\"http:\/\/rv-schoemberg.de\/wp-content\/uploads\/2018\/05\/24-3.jpg\" data-orig-size=\"450,300\" data-comments-opened=\"1\" data-image-meta=\"{&quot;aperture&quot;:&quot;0&quot;,&quot;credit&quot;:&quot;&quot;,&quot;camera&quot;:&quot;&quot;,&quot;caption&quot;:&quot;&quot;,&quot;created_timestamp&quot;:&quot;0&quot;,&quot;copyright&quot;:&quot;&quot;,&quot;focal_length&quot;:&quot;0&quot;,&quot;iso&quot;:&quot;0&quot;,&quot;shutter_speed&quot;:&quot;0&quot;,&quot;title&quot;:&quot;&quot;,&quot;orientation&quot;:&quot;0&quot;}\" data-image-title=\"24\" data-image-description=\"\" data-medium-file=\"http:\/\/rv-schoemberg.de\/wp-content\/uploads\/2018\/05\/24-3-300x200.jpg\" data-large-file=\"http:\/\/rv-schoemberg.de\/wp-content\/uploads\/2018\/05\/24-3.jpg\" src=\"http:\/\/rv-schoemberg.de\/wp-content\/uploads\/2018\/05\/24-3.jpg\" width=\"513\" height=\"342\" align=\"left\" title=\"24\" \/><\/a><\/div><\/div><div class=\"gallery-group images-2\" style=\"width: 258px; height: 346px;\"><div class=\"tiled-gallery-item tiled-gallery-item-large\"><a href=\"http:\/\/rv-schoemberg.de\/?attachment_id=639\"><img loading=\"lazy\" decoding=\"async\" data-attachment-id=\"639\" data-orig-file=\"http:\/\/rv-schoemberg.de\/wp-content\/uploads\/2018\/05\/26-3.jpg\" data-orig-size=\"450,300\" data-comments-opened=\"1\" data-image-meta=\"{&quot;aperture&quot;:&quot;0&quot;,&quot;credit&quot;:&quot;&quot;,&quot;camera&quot;:&quot;&quot;,&quot;caption&quot;:&quot;&quot;,&quot;created_timestamp&quot;:&quot;0&quot;,&quot;copyright&quot;:&quot;&quot;,&quot;focal_length&quot;:&quot;0&quot;,&quot;iso&quot;:&quot;0&quot;,&quot;shutter_speed&quot;:&quot;0&quot;,&quot;title&quot;:&quot;&quot;,&quot;orientation&quot;:&quot;0&quot;}\" data-image-title=\"26\" data-image-description=\"\" data-medium-file=\"http:\/\/rv-schoemberg.de\/wp-content\/uploads\/2018\/05\/26-3-300x200.jpg\" data-large-file=\"http:\/\/rv-schoemberg.de\/wp-content\/uploads\/2018\/05\/26-3.jpg\" src=\"http:\/\/rv-schoemberg.de\/wp-content\/uploads\/2018\/05\/26-3-254x169.jpg\" width=\"254\" height=\"169\" align=\"left\" title=\"26\" \/><\/a><\/div><div class=\"tiled-gallery-item tiled-gallery-item-large\"><a href=\"http:\/\/rv-schoemberg.de\/?attachment_id=638\"><img loading=\"lazy\" decoding=\"async\" data-attachment-id=\"638\" data-orig-file=\"http:\/\/rv-schoemberg.de\/wp-content\/uploads\/2018\/05\/25-2.jpg\" data-orig-size=\"450,300\" data-comments-opened=\"1\" data-image-meta=\"{&quot;aperture&quot;:&quot;0&quot;,&quot;credit&quot;:&quot;&quot;,&quot;camera&quot;:&quot;&quot;,&quot;caption&quot;:&quot;&quot;,&quot;created_timestamp&quot;:&quot;0&quot;,&quot;copyright&quot;:&quot;&quot;,&quot;focal_length&quot;:&quot;0&quot;,&quot;iso&quot;:&quot;0&quot;,&quot;shutter_speed&quot;:&quot;0&quot;,&quot;title&quot;:&quot;&quot;,&quot;orientation&quot;:&quot;0&quot;}\" data-image-title=\"25\" data-image-description=\"\" data-medium-file=\"http:\/\/rv-schoemberg.de\/wp-content\/uploads\/2018\/05\/25-2-300x200.jpg\" data-large-file=\"http:\/\/rv-schoemberg.de\/wp-content\/uploads\/2018\/05\/25-2.jpg\" src=\"http:\/\/rv-schoemberg.de\/wp-content\/uploads\/2018\/05\/25-2-254x169.jpg\" width=\"254\" height=\"169\" align=\"left\" title=\"25\" \/><\/a><\/div><\/div><\/div><div class=\"gallery-row\" style=\"width: 775px; height: 579px;\"><div class=\"gallery-group images-1\" style=\"width: 775px; height: 583px;\"><div class=\"tiled-gallery-item tiled-gallery-item-large\"><a href=\"http:\/\/rv-schoemberg.de\/?attachment_id=636\"><img loading=\"lazy\" decoding=\"async\" data-attachment-id=\"636\" data-orig-file=\"http:\/\/rv-schoemberg.de\/wp-content\/uploads\/2018\/05\/23-3.jpg\" data-orig-size=\"450,338\" data-comments-opened=\"1\" data-image-meta=\"{&quot;aperture&quot;:&quot;0&quot;,&quot;credit&quot;:&quot;&quot;,&quot;camera&quot;:&quot;&quot;,&quot;caption&quot;:&quot;&quot;,&quot;created_timestamp&quot;:&quot;0&quot;,&quot;copyright&quot;:&quot;&quot;,&quot;focal_length&quot;:&quot;0&quot;,&quot;iso&quot;:&quot;0&quot;,&quot;shutter_speed&quot;:&quot;0&quot;,&quot;title&quot;:&quot;&quot;,&quot;orientation&quot;:&quot;0&quot;}\" data-image-title=\"23\" data-image-description=\"\" data-medium-file=\"http:\/\/rv-schoemberg.de\/wp-content\/uploads\/2018\/05\/23-3-300x225.jpg\" data-large-file=\"http:\/\/rv-schoemberg.de\/wp-content\/uploads\/2018\/05\/23-3.jpg\" src=\"http:\/\/rv-schoemberg.de\/wp-content\/uploads\/2018\/05\/23-3.jpg\" width=\"771\" height=\"579\" align=\"left\" title=\"23\" \/><\/a><\/div><\/div><\/div><\/div>\n","protected":false},"excerpt":{"rendered":"<p>Die &#8222;kleine&#8220; Reithalle &#8211; 21 x 35 Meter Unsere kleine Reithalle wurde im Jahr 1979 erbaut. 2005 wurde diese Reithalle [&hellip;]<\/p>\n","protected":false},"author":1,"featured_media":0,"parent":0,"menu_order":0,"comment_status":"closed","ping_status":"closed","template":"","meta":{"footnotes":""},"class_list":["post-533","page","type-page","status-publish","hentry"],"_links":{"self":[{"href":"http:\/\/rv-schoemberg.de\/index.php?rest_route=\/wp\/v2\/pages\/533","targetHints":{"allow":["GET"]}}],"collection":[{"href":"http:\/\/rv-schoemberg.de\/index.php?rest_route=\/wp\/v2\/pages"}],"about":[{"href":"http:\/\/rv-schoemberg.de\/index.php?rest_route=\/wp\/v2\/types\/page"}],"author":[{"embeddable":true,"href":"http:\/\/rv-schoemberg.de\/index.php?rest_route=\/wp\/v2\/users\/1"}],"replies":[{"embeddable":true,"href":"http:\/\/rv-schoemberg.de\/index.php?rest_route=%2Fwp%2Fv2%2Fcomments&post=533"}],"version-history":[{"count":8,"href":"http:\/\/rv-schoemberg.de\/index.php?rest_route=\/wp\/v2\/pages\/533\/revisions"}],"predecessor-version":[{"id":1247,"href":"http:\/\/rv-schoemberg.de\/index.php?rest_route=\/wp\/v2\/pages\/533\/revisions\/1247"}],"wp:attachment":[{"href":"http:\/\/rv-schoemberg.de\/index.php?rest_route=%2Fwp%2Fv2%2Fmedia&parent=533"}],"curies":[{"name":"wp","href":"https:\/\/api.w.org\/{rel}","templated":true}]}}