{"id":33,"date":"2018-05-06T09:49:31","date_gmt":"2018-05-06T09:49:31","guid":{"rendered":"http:\/\/rv-schoemberg.de\/?page_id=33"},"modified":"2024-09-04T08:35:28","modified_gmt":"2024-09-04T08:35:28","slug":"turniersport","status":"publish","type":"page","link":"http:\/\/rv-schoemberg.de\/?page_id=33","title":{"rendered":"Turniersport und Erfolge"},"content":{"rendered":"\n<div class=\"wp-block-group\"><div class=\"wp-block-group__inner-container is-layout-flow wp-block-group-is-layout-flow\">\n<p>Unser Verein ist im Laufe der Jahre immer gr\u00f6\u00dfer geworden. Heute k\u00f6nnen wir eine gro\u00dfe Zahl aktiver und passiver Mitglieder z\u00e4hlen.\u00a0<\/p>\n<p>Das Aush\u00e4ngeschild unseres Reitervereins ist unsere hohe Anzahl an begeisterten Pferdesportlern und Turnierreitern. Jedes Jahr veranstalten wir ein gro\u00dfes Springturnier und sind damit auch in den regionalen Medien pr\u00e4sent.<\/p>\n<p>Viele Bilder von unseren Turnieren der letzten Jahre finden Sie in der <a href=\"http:\/\/rv-schoemberg.de\/?page_id=154\">Bildergalerie<\/a>.<\/p>\n<h1 style=\"text-align: center;\">Zeitungsausschnitte<\/h1>\n<div data-carousel-extra='{\"blog_id\":1,\"permalink\":\"http:\\\/\\\/rv-schoemberg.de\\\/?page_id=33\"}' class=\"tiled-gallery type-rectangular\" data-original-width=\"780\"><div class=\"gallery-row\" style=\"width: 775px; height: 290px;\"><div class=\"gallery-group images-1\" style=\"width: 573px; height: 294px;\"><div class=\"tiled-gallery-item tiled-gallery-item-large\"><a href=\"http:\/\/rv-schoemberg.de\/?attachment_id=518\"><img loading=\"lazy\" decoding=\"async\" data-attachment-id=\"518\" data-orig-file=\"http:\/\/rv-schoemberg.de\/wp-content\/uploads\/2018\/05\/4-15.jpg\" data-orig-size=\"422,215\" data-comments-opened=\"1\" data-image-meta=\"{&quot;aperture&quot;:&quot;0&quot;,&quot;credit&quot;:&quot;&quot;,&quot;camera&quot;:&quot;&quot;,&quot;caption&quot;:&quot;&quot;,&quot;created_timestamp&quot;:&quot;0&quot;,&quot;copyright&quot;:&quot;&quot;,&quot;focal_length&quot;:&quot;0&quot;,&quot;iso&quot;:&quot;0&quot;,&quot;shutter_speed&quot;:&quot;0&quot;,&quot;title&quot;:&quot;&quot;,&quot;orientation&quot;:&quot;0&quot;}\" data-image-title=\"4\" data-image-description=\"\" data-medium-file=\"http:\/\/rv-schoemberg.de\/wp-content\/uploads\/2018\/05\/4-15-300x153.jpg\" data-large-file=\"http:\/\/rv-schoemberg.de\/wp-content\/uploads\/2018\/05\/4-15.jpg\" src=\"http:\/\/rv-schoemberg.de\/wp-content\/uploads\/2018\/05\/4-15.jpg\" width=\"569\" height=\"290\" align=\"left\" title=\"4\" \/><\/a><\/div><\/div><div class=\"gallery-group images-1\" style=\"width: 202px; height: 294px;\"><div class=\"tiled-gallery-item tiled-gallery-item-small\"><a href=\"http:\/\/rv-schoemberg.de\/?attachment_id=516\"><img loading=\"lazy\" decoding=\"async\" data-attachment-id=\"516\" data-orig-file=\"http:\/\/rv-schoemberg.de\/wp-content\/uploads\/2018\/05\/2-15.jpg\" data-orig-size=\"540,791\" data-comments-opened=\"1\" data-image-meta=\"{&quot;aperture&quot;:&quot;0&quot;,&quot;credit&quot;:&quot;&quot;,&quot;camera&quot;:&quot;&quot;,&quot;caption&quot;:&quot;&quot;,&quot;created_timestamp&quot;:&quot;1525949564&quot;,&quot;copyright&quot;:&quot;&quot;,&quot;focal_length&quot;:&quot;0&quot;,&quot;iso&quot;:&quot;0&quot;,&quot;shutter_speed&quot;:&quot;0&quot;,&quot;title&quot;:&quot;&quot;,&quot;orientation&quot;:&quot;1&quot;}\" data-image-title=\"2\" data-image-description=\"\" data-medium-file=\"http:\/\/rv-schoemberg.de\/wp-content\/uploads\/2018\/05\/2-15-205x300.jpg\" data-large-file=\"http:\/\/rv-schoemberg.de\/wp-content\/uploads\/2018\/05\/2-15.jpg\" src=\"http:\/\/rv-schoemberg.de\/wp-content\/uploads\/2018\/05\/2-15-198x290.jpg\" width=\"198\" height=\"290\" align=\"left\" title=\"2\" \/><\/a><\/div><\/div><\/div><div class=\"gallery-row\" style=\"width: 775px; height: 216px;\"><div class=\"gallery-group images-1\" style=\"width: 609px; height: 220px;\"><div class=\"tiled-gallery-item tiled-gallery-item-large\"><a href=\"http:\/\/rv-schoemberg.de\/?attachment_id=785\"><img loading=\"lazy\" decoding=\"async\" data-attachment-id=\"785\" data-orig-file=\"http:\/\/rv-schoemberg.de\/wp-content\/uploads\/2018\/08\/zak.png\" data-orig-size=\"1482,530\" data-comments-opened=\"1\" data-image-meta=\"{&quot;aperture&quot;:&quot;0&quot;,&quot;credit&quot;:&quot;&quot;,&quot;camera&quot;:&quot;&quot;,&quot;caption&quot;:&quot;&quot;,&quot;created_timestamp&quot;:&quot;0&quot;,&quot;copyright&quot;:&quot;&quot;,&quot;focal_length&quot;:&quot;0&quot;,&quot;iso&quot;:&quot;0&quot;,&quot;shutter_speed&quot;:&quot;0&quot;,&quot;title&quot;:&quot;&quot;,&quot;orientation&quot;:&quot;0&quot;}\" data-image-title=\"zak\" data-image-description=\"\" data-medium-file=\"http:\/\/rv-schoemberg.de\/wp-content\/uploads\/2018\/08\/zak-300x107.png\" data-large-file=\"http:\/\/rv-schoemberg.de\/wp-content\/uploads\/2018\/08\/zak-1024x366.png\" src=\"http:\/\/rv-schoemberg.de\/wp-content\/uploads\/2018\/08\/zak-605x216.png\" width=\"605\" height=\"216\" align=\"left\" title=\"zak\" \/><\/a><\/div><\/div><div class=\"gallery-group images-1\" style=\"width: 166px; height: 220px;\"><div class=\"tiled-gallery-item tiled-gallery-item-small\"><a href=\"http:\/\/rv-schoemberg.de\/?attachment_id=517\"><img loading=\"lazy\" decoding=\"async\" data-attachment-id=\"517\" data-orig-file=\"http:\/\/rv-schoemberg.de\/wp-content\/uploads\/2018\/05\/3-15.jpg\" data-orig-size=\"720,960\" data-comments-opened=\"1\" data-image-meta=\"{&quot;aperture&quot;:&quot;0&quot;,&quot;credit&quot;:&quot;&quot;,&quot;camera&quot;:&quot;&quot;,&quot;caption&quot;:&quot;&quot;,&quot;created_timestamp&quot;:&quot;0&quot;,&quot;copyright&quot;:&quot;&quot;,&quot;focal_length&quot;:&quot;0&quot;,&quot;iso&quot;:&quot;0&quot;,&quot;shutter_speed&quot;:&quot;0&quot;,&quot;title&quot;:&quot;&quot;,&quot;orientation&quot;:&quot;0&quot;}\" data-image-title=\"3\" data-image-description=\"\" data-medium-file=\"http:\/\/rv-schoemberg.de\/wp-content\/uploads\/2018\/05\/3-15-225x300.jpg\" data-large-file=\"http:\/\/rv-schoemberg.de\/wp-content\/uploads\/2018\/05\/3-15.jpg\" src=\"http:\/\/rv-schoemberg.de\/wp-content\/uploads\/2018\/05\/3-15-162x216.jpg\" width=\"162\" height=\"216\" align=\"left\" title=\"3\" \/><\/a><\/div><\/div><\/div><div class=\"gallery-row\" style=\"width: 775px; height: 680px;\"><div class=\"gallery-group images-1\" style=\"width: 457px; height: 684px;\"><div class=\"tiled-gallery-item tiled-gallery-item-large\"><a href=\"http:\/\/rv-schoemberg.de\/?attachment_id=515\"><img loading=\"lazy\" decoding=\"async\" data-attachment-id=\"515\" data-orig-file=\"http:\/\/rv-schoemberg.de\/wp-content\/uploads\/2018\/05\/1-16.jpg\" data-orig-size=\"533,800\" data-comments-opened=\"1\" data-image-meta=\"{&quot;aperture&quot;:&quot;0&quot;,&quot;credit&quot;:&quot;&quot;,&quot;camera&quot;:&quot;&quot;,&quot;caption&quot;:&quot;&quot;,&quot;created_timestamp&quot;:&quot;0&quot;,&quot;copyright&quot;:&quot;&quot;,&quot;focal_length&quot;:&quot;0&quot;,&quot;iso&quot;:&quot;0&quot;,&quot;shutter_speed&quot;:&quot;0&quot;,&quot;title&quot;:&quot;&quot;,&quot;orientation&quot;:&quot;0&quot;}\" data-image-title=\"1\" data-image-description=\"\" data-medium-file=\"http:\/\/rv-schoemberg.de\/wp-content\/uploads\/2018\/05\/1-16-200x300.jpg\" data-large-file=\"http:\/\/rv-schoemberg.de\/wp-content\/uploads\/2018\/05\/1-16.jpg\" src=\"http:\/\/rv-schoemberg.de\/wp-content\/uploads\/2018\/05\/1-16-453x680.jpg\" width=\"453\" height=\"680\" align=\"left\" title=\"1\" \/><\/a><\/div><\/div><div class=\"gallery-group images-1\" style=\"width: 318px; height: 684px;\"><div class=\"tiled-gallery-item tiled-gallery-item-large\"><a href=\"http:\/\/rv-schoemberg.de\/?attachment_id=519\"><img loading=\"lazy\" decoding=\"async\" data-attachment-id=\"519\" data-orig-file=\"http:\/\/rv-schoemberg.de\/wp-content\/uploads\/2018\/05\/5-11.jpg\" data-orig-size=\"422,914\" data-comments-opened=\"1\" data-image-meta=\"{&quot;aperture&quot;:&quot;0&quot;,&quot;credit&quot;:&quot;&quot;,&quot;camera&quot;:&quot;&quot;,&quot;caption&quot;:&quot;&quot;,&quot;created_timestamp&quot;:&quot;0&quot;,&quot;copyright&quot;:&quot;&quot;,&quot;focal_length&quot;:&quot;0&quot;,&quot;iso&quot;:&quot;0&quot;,&quot;shutter_speed&quot;:&quot;0&quot;,&quot;title&quot;:&quot;&quot;,&quot;orientation&quot;:&quot;0&quot;}\" data-image-title=\"5\" data-image-description=\"\" data-medium-file=\"http:\/\/rv-schoemberg.de\/wp-content\/uploads\/2018\/05\/5-11-139x300.jpg\" data-large-file=\"http:\/\/rv-schoemberg.de\/wp-content\/uploads\/2018\/05\/5-11.jpg\" src=\"http:\/\/rv-schoemberg.de\/wp-content\/uploads\/2018\/05\/5-11-314x680.jpg\" width=\"314\" height=\"680\" align=\"left\" title=\"5\" \/><\/a><\/div><\/div><\/div><\/div>\n<\/div><\/div>\n\n\n\n<p><\/p>\n\n\n\n<h2 class=\"wp-block-heading has-text-align-center\"><\/h2>\n","protected":false},"excerpt":{"rendered":"<p>Unser Verein ist im Laufe der Jahre immer gr\u00f6\u00dfer geworden. Heute k\u00f6nnen wir eine gro\u00dfe Zahl aktiver und passiver Mitglieder [&hellip;]<\/p>\n","protected":false},"author":1,"featured_media":0,"parent":0,"menu_order":0,"comment_status":"closed","ping_status":"closed","template":"","meta":{"footnotes":""},"class_list":["post-33","page","type-page","status-publish","hentry"],"_links":{"self":[{"href":"http:\/\/rv-schoemberg.de\/index.php?rest_route=\/wp\/v2\/pages\/33","targetHints":{"allow":["GET"]}}],"collection":[{"href":"http:\/\/rv-schoemberg.de\/index.php?rest_route=\/wp\/v2\/pages"}],"about":[{"href":"http:\/\/rv-schoemberg.de\/index.php?rest_route=\/wp\/v2\/types\/page"}],"author":[{"embeddable":true,"href":"http:\/\/rv-schoemberg.de\/index.php?rest_route=\/wp\/v2\/users\/1"}],"replies":[{"embeddable":true,"href":"http:\/\/rv-schoemberg.de\/index.php?rest_route=%2Fwp%2Fv2%2Fcomments&post=33"}],"version-history":[{"count":22,"href":"http:\/\/rv-schoemberg.de\/index.php?rest_route=\/wp\/v2\/pages\/33\/revisions"}],"predecessor-version":[{"id":1244,"href":"http:\/\/rv-schoemberg.de\/index.php?rest_route=\/wp\/v2\/pages\/33\/revisions\/1244"}],"wp:attachment":[{"href":"http:\/\/rv-schoemberg.de\/index.php?rest_route=%2Fwp%2Fv2%2Fmedia&parent=33"}],"curies":[{"name":"wp","href":"https:\/\/api.w.org\/{rel}","templated":true}]}}