{"id":26,"date":"2018-05-06T09:48:05","date_gmt":"2018-05-06T09:48:05","guid":{"rendered":"http:\/\/rv-schoemberg.de\/?page_id=26"},"modified":"2024-09-04T07:45:12","modified_gmt":"2024-09-04T07:45:12","slug":"verein","status":"publish","type":"page","link":"http:\/\/rv-schoemberg.de\/?page_id=26","title":{"rendered":"Verein"},"content":{"rendered":"<h2>Reiterverein Sch\u00f6mberg e. V. &#8211;<br \/>Famili\u00e4r und mit Herz<\/h2>\n<p>Der Reiterverein Sch\u00f6mberg wurde im Jahre 1992 aus der Taufe gehoben. Der Verein hat sich zum Ziel gesetzt den Reitsport auf breiter Basis in Sch\u00f6mberg und Umgebung zu f\u00f6rdern. Unsere Reitanlage ist traumhaft eingebettet in ein herrliches Gebiet von Wiesen und W\u00e4ldern, die f\u00f6rmlich zum Ausreiten einladen. Die Reitanlage bietet eine umfangreiche Infrastruktur: Zwei Reithallen, einen Sandplatz, eine F\u00fchranlage, gro\u00dfz\u00fcgige Koppeln und ein gem\u00fctliches Reiterst\u00fcble.<\/p>\n<p>Der H\u00f6hepunkt jeden Jahres ist unser gro\u00dfes Reitturnier. Alle Vereinsmitglieder und auch die Nicht-Mitglieder helfen hier engagiert mit und werden stets in die Vorbereitungen mit einbezogen.<br \/>Verantwortung und Zusammenhalt wird bei uns im Verein ganz gro\u00df geschrieben! Besonders sch\u00f6n ist es, in unserem Verein Fairness und gegenseitige Unterst\u00fctzung zu erleben. Bei Turnieren ist unser Verein als starke Gruppe bekannt und die Jugendlichen feuern sich gegenseitig an.<\/p>\n<p>Wir hoffen, wir konnten Ihnen einen Einblick in unsere vielf\u00e4ltige und sozial gepr\u00e4gte<br \/>Jugend- und Vereinsarbeit geben.<\/p>\n<p><strong>Herzliche Gr\u00fc\u00dfe<\/strong><\/p>\n<p><strong>Ihr Reiterverein Sch\u00f6mberg e. V.<\/strong><\/p>\n\n\n<figure class=\"wp-block-image size-large\"><img loading=\"lazy\" decoding=\"async\" width=\"1024\" height=\"683\" src=\"http:\/\/rv-schoemberg.de\/wp-content\/uploads\/2021\/09\/wir2-1.jpg\" alt=\"\" class=\"wp-image-1181\" srcset=\"http:\/\/rv-schoemberg.de\/wp-content\/uploads\/2021\/09\/wir2-1.jpg 1024w, http:\/\/rv-schoemberg.de\/wp-content\/uploads\/2021\/09\/wir2-1-300x200.jpg 300w, http:\/\/rv-schoemberg.de\/wp-content\/uploads\/2021\/09\/wir2-1-768x512.jpg 768w, http:\/\/rv-schoemberg.de\/wp-content\/uploads\/2021\/09\/wir2-1-272x182.jpg 272w\" sizes=\"auto, (max-width: 1024px) 100vw, 1024px\" \/><\/figure>\n\n\n\n<figure class=\"wp-block-image size-large\"><img loading=\"lazy\" decoding=\"async\" width=\"1024\" height=\"683\" src=\"http:\/\/rv-schoemberg.de\/wp-content\/uploads\/2021\/09\/wir-1.jpg\" alt=\"\" class=\"wp-image-1182\" srcset=\"http:\/\/rv-schoemberg.de\/wp-content\/uploads\/2021\/09\/wir-1.jpg 1024w, http:\/\/rv-schoemberg.de\/wp-content\/uploads\/2021\/09\/wir-1-300x200.jpg 300w, http:\/\/rv-schoemberg.de\/wp-content\/uploads\/2021\/09\/wir-1-768x512.jpg 768w, http:\/\/rv-schoemberg.de\/wp-content\/uploads\/2021\/09\/wir-1-272x182.jpg 272w\" sizes=\"auto, (max-width: 1024px) 100vw, 1024px\" \/><\/figure>\n","protected":false},"excerpt":{"rendered":"<p>Reiterverein Sch\u00f6mberg e. V. &#8211;Famili\u00e4r und mit Herz Der Reiterverein Sch\u00f6mberg wurde im Jahre 1992 aus der Taufe gehoben. Der [&hellip;]<\/p>\n","protected":false},"author":1,"featured_media":0,"parent":0,"menu_order":0,"comment_status":"closed","ping_status":"closed","template":"","meta":{"footnotes":""},"class_list":["post-26","page","type-page","status-publish","hentry"],"_links":{"self":[{"href":"http:\/\/rv-schoemberg.de\/index.php?rest_route=\/wp\/v2\/pages\/26","targetHints":{"allow":["GET"]}}],"collection":[{"href":"http:\/\/rv-schoemberg.de\/index.php?rest_route=\/wp\/v2\/pages"}],"about":[{"href":"http:\/\/rv-schoemberg.de\/index.php?rest_route=\/wp\/v2\/types\/page"}],"author":[{"embeddable":true,"href":"http:\/\/rv-schoemberg.de\/index.php?rest_route=\/wp\/v2\/users\/1"}],"replies":[{"embeddable":true,"href":"http:\/\/rv-schoemberg.de\/index.php?rest_route=%2Fwp%2Fv2%2Fcomments&post=26"}],"version-history":[{"count":13,"href":"http:\/\/rv-schoemberg.de\/index.php?rest_route=\/wp\/v2\/pages\/26\/revisions"}],"predecessor-version":[{"id":1230,"href":"http:\/\/rv-schoemberg.de\/index.php?rest_route=\/wp\/v2\/pages\/26\/revisions\/1230"}],"wp:attachment":[{"href":"http:\/\/rv-schoemberg.de\/index.php?rest_route=%2Fwp%2Fv2%2Fmedia&parent=26"}],"curies":[{"name":"wp","href":"https:\/\/api.w.org\/{rel}","templated":true}]}}