{"id":19,"date":"2018-05-06T09:42:30","date_gmt":"2018-05-06T09:42:30","guid":{"rendered":"http:\/\/rv-schoemberg.de\/?page_id=19"},"modified":"2021-09-17T16:43:39","modified_gmt":"2021-09-17T16:43:39","slug":"home","status":"publish","type":"page","link":"http:\/\/rv-schoemberg.de\/","title":{"rendered":"Home"},"content":{"rendered":"<div id=\"pl-19\"  class=\"panel-layout\" ><div id=\"pg-19-0\"  class=\"panel-grid panel-has-style\" ><div class=\"siteorigin-panels-stretch panel-row-style panel-row-style-for-19-0\" data-stretch-type=\"full-stretched\" ><div id=\"pgc-19-0-0\"  class=\"panel-grid-cell\" ><div id=\"panel-19-0-0-0\" class=\"so-panel widget widget_themegrill_flash_slider tg-section tg-slider-widget panel-first-child panel-last-child\" data-index=\"0\" ><div class=\"tg-slider-widget slider-light slider-content-center slider-control-center full-width\">\n\t<div class=\"swiper-container\">\n\t\t<div class=\"swiper-wrapper\">\n\t\t\t\n\t\t\t\t\t<div class=\"swiper-slide\">\n\t\t\t\t\t\t<figure class=\"slider-image\" >\n\t\t\t\t\t\t\t<img width=\"2048\" height=\"2048\"\t\t\t\t\t\t\t\t\tsrc=\"http:\/\/rv-schoemberg.de\/wp-content\/uploads\/2021\/09\/das-sind-wir-1.jpg\"\n\t\t\t\t\t\t\t\t\talt=\"Das sind wir \"\n\t\t\t\t\t\t\t\t\ttitle=\"Das sind wir \"\/>\n\t\t\t\t\t\t\t<div class=\"overlay\"><\/div>\n\t\t\t\t\t\t<\/figure>\n\t\t\t\t\t\t<div class=\"slider-content\">\n\t\t\t\t\t\t\t<div class=\"tg-container\">\n\t\t\t\t\t\t\t\t<div class=\"caption-title\">Das sind wir <\/div>\n\t\t\t\t\t\t\t\t<div class=\"caption-desc\">Reiterverein Sch\u00f6mberg \n\n<\/div>\n\t\t\t\t\t\t\t\t\t\t\t\t\t\t\t<\/div>\n\t\t\t\t\t\t<\/div>\n\t\t\t\t\t<\/div>\n\n\t\t\t\t\n\t\t\t\t\t<div class=\"swiper-slide\">\n\t\t\t\t\t\t<figure class=\"slider-image\" >\n\t\t\t\t\t\t\t<img width=\"2514\" height=\"2560\"\t\t\t\t\t\t\t\t\tsrc=\"http:\/\/rv-schoemberg.de\/wp-content\/uploads\/2021\/09\/rhw-scaled.jpg\"\n\t\t\t\t\t\t\t\t\talt=\"Reitanlage\"\n\t\t\t\t\t\t\t\t\ttitle=\"Reitanlage\"\/>\n\t\t\t\t\t\t\t<div class=\"overlay\"><\/div>\n\t\t\t\t\t\t<\/figure>\n\t\t\t\t\t\t<div class=\"slider-content\">\n\t\t\t\t\t\t\t<div class=\"tg-container\">\n\t\t\t\t\t\t\t\t<div class=\"caption-title\">Reitanlage<\/div>\n\t\t\t\t\t\t\t\t<div class=\"caption-desc\">Erfahren Sie mehr \u00fcber die Reitanlage der Familie Schmidinger.<\/div>\n\t\t\t\t\t\t\t\t\t\t\t\t\t\t\t\t\t<div class=\"btn-wrapper\">\n\t\t\t\t\t\t\t\t\t\t<a href=\"http:\/\/rv-schoemberg.de\/?page_id=30\">Mehr Erfahren<\/a>\n\t\t\t\t\t\t\t\t\t<\/div>\n\t\t\t\t\t\t\t\t\t\t\t\t\t\t\t<\/div>\n\t\t\t\t\t\t<\/div>\n\t\t\t\t\t<\/div>\n\n\t\t\t\t\n\t\t\t\t\t<div class=\"swiper-slide\">\n\t\t\t\t\t\t<figure class=\"slider-image\" >\n\t\t\t\t\t\t\t<img width=\"2048\" height=\"2048\"\t\t\t\t\t\t\t\t\tsrc=\"http:\/\/rv-schoemberg.de\/wp-content\/uploads\/2021\/09\/turnier-wir.jpg\"\n\t\t\t\t\t\t\t\t\talt=\"Turniersport\"\n\t\t\t\t\t\t\t\t\ttitle=\"Turniersport\"\/>\n\t\t\t\t\t\t\t<div class=\"overlay\"><\/div>\n\t\t\t\t\t\t<\/figure>\n\t\t\t\t\t\t<div class=\"slider-content\">\n\t\t\t\t\t\t\t<div class=\"tg-container\">\n\t\t\t\t\t\t\t\t<div class=\"caption-title\">Turniersport<\/div>\n\t\t\t\t\t\t\t\t<div class=\"caption-desc\">Erfahren Sie mehr \u00fcber unser gro\u00dfes Reitturnier.<\/div>\n\t\t\t\t\t\t\t\t\t\t\t\t\t\t\t\t\t<div class=\"btn-wrapper\">\n\t\t\t\t\t\t\t\t\t\t<a href=\"http:\/\/rv-schoemberg.de\/?page_id=33\">Mehr Erfahren<\/a>\n\t\t\t\t\t\t\t\t\t<\/div>\n\t\t\t\t\t\t\t\t\t\t\t\t\t\t\t<\/div>\n\t\t\t\t\t\t<\/div>\n\t\t\t\t\t<\/div>\n\n\t\t\t\t\t\t<\/div>\n\t\t<div class=\"swiper-pagination\"><\/div>\n\t\t<div class=\"slider-arrow\">\n\t\t\t<div class=\"swiper-button-next\"><\/div>\n\t\t\t<div class=\"swiper-button-prev\"><\/div>\n\t\t<\/div>\n\t<\/div>\n<\/div>\n<\/div><\/div><\/div><\/div><div id=\"pg-19-1\"  class=\"panel-grid panel-has-style\" ><div class=\"siteorigin-panels-stretch panel-row-style panel-row-style-for-19-1\" data-stretch-type=\"full\" ><div id=\"pgc-19-1-0\"  class=\"panel-grid-cell\" ><div id=\"panel-19-1-0-0\" class=\"so-panel widget widget_themegrill_flash_cta tg-widget call-to-action-section panel-first-child panel-last-child\" data-index=\"1\" ><div class=\"cta-wrapper call-to-action-section-layout-1\">\n\t<div class=\"section-title-wrapper\">\n\t\t\t\t<h3 class=\"section-title\">Herzlich Willkommen!<\/h3>\n\t\t\t\t<h4 class=\"section-subtitle\">Wir laden Sie ein, den Reiterverein Sch\u00f6mberg e. V. n\u00e4her kennenzulernen.<\/h4>\n\t\t\t<\/div>\n\t<\/div>\n<\/div><\/div><\/div><\/div><div id=\"pg-19-2\"  class=\"panel-grid panel-has-style\" ><div class=\"panel-row-style panel-row-style-for-19-2\" ><div id=\"pgc-19-2-0\"  class=\"panel-grid-cell\" ><div id=\"panel-19-2-0-0\" class=\"so-panel widget widget_themegrill_flash_heading tg-widget section-title-wrapper panel-first-child\" data-index=\"2\" >\t<h3 class=\"section-title\">Was gibt es Neues?<\/h3>\n\t<div class=\"section-description\">Erfahren Sie Aktuelles aus unserem Vereinsgeschehen.<\/div>\n<\/div><div id=\"panel-19-2-0-1\" class=\"so-panel widget widget_themegrill_flash_blog tg-widget blog-section panel-last-child\" data-index=\"3\" >\n<div class=\"blog-wrapper tg-column-wrapper tg-blog-widget-layout-2\">\n\t\t<div class=\"tg-blog-widget tg-column-3\">\n\t\t\t\t<div class=\"post-image image-none\">\n\t\t\t\t\t\t<span class=\"entry-date\">\n\t\t\t\t<i class=\"fa fa-clock-o\"><\/i><a href=\"http:\/\/rv-schoemberg.de\/?p=1271\" rel=\"bookmark\">Januar 21, 2026<\/a>\n\t\t\t<\/span>\n\t\t\t\t\t<\/div>\n\t\t<div class=\"blog-content\">\n\t\t\t<h3 class=\"entry-title\"><a href=\"http:\/\/rv-schoemberg.de\/?p=1271\">Einladung zur Mitgliederversammlung 2026<\/a><\/h3>\n\t\t\t\t\t\t<div class=\"entry-summary\">\n\t\t\t\t<p>Einladung zur Mitgliederversammlung 2026 Sehr geehrte Mitglieder, sehr geehrte Freunde und G\u00f6nner unseres Vereins, wir laden Sie ganz herzlich zur [&hellip;]<\/p>\n\t\t\t<\/div>\n\t\t\t\t\t\t<div class=\"read-more-container\">\n\t\t\t\t<span class=\"entry-author\">\n\t\t\t\t\t<i class=\"fa fa-user\"><\/i><a class=\"url fn n\" href=\"http:\/\/rv-schoemberg.de\/?author=1\">AdminRVS<\/a>\n\t\t\t\t<\/span>\n\t\t\t\t<div class=\"read-more\">\n\t\t\t\t\t<a href=\"http:\/\/rv-schoemberg.de\/?p=1271\">Read More<\/a>\n\t\t\t\t<\/div>\n\t\t\t<\/div>\n\t\t\t\t\t<\/div>\n\t<\/div>\n\t\t<div class=\"tg-blog-widget tg-column-3\">\n\t\t\t\t<div class=\"post-image image-none\">\n\t\t\t\t\t\t<span class=\"entry-date\">\n\t\t\t\t<i class=\"fa fa-clock-o\"><\/i><a href=\"http:\/\/rv-schoemberg.de\/?p=1258\" rel=\"bookmark\">Juni 30, 2025<\/a>\n\t\t\t<\/span>\n\t\t\t\t\t<\/div>\n\t\t<div class=\"blog-content\">\n\t\t\t<h3 class=\"entry-title\"><a href=\"http:\/\/rv-schoemberg.de\/?p=1258\">Ausschreibung Reitturnier und Reitertag 2025<\/a><\/h3>\n\t\t\t\t\t\t<div class=\"entry-summary\">\n\t\t\t\t<p>Wir veranstalten in diesem Jahr wieder ein Turnier mit vorangestelltem Reitertag! Von F\u00fchrz\u00fcgel-Wettbewerb bis zum M-Springen ist alles dabei. Hier [&hellip;]<\/p>\n\t\t\t<\/div>\n\t\t\t\t\t\t<div class=\"read-more-container\">\n\t\t\t\t<span class=\"entry-author\">\n\t\t\t\t\t<i class=\"fa fa-user\"><\/i><a class=\"url fn n\" href=\"http:\/\/rv-schoemberg.de\/?author=1\">AdminRVS<\/a>\n\t\t\t\t<\/span>\n\t\t\t\t<div class=\"read-more\">\n\t\t\t\t\t<a href=\"http:\/\/rv-schoemberg.de\/?p=1258\">Read More<\/a>\n\t\t\t\t<\/div>\n\t\t\t<\/div>\n\t\t\t\t\t<\/div>\n\t<\/div>\n\t\t<div class=\"tg-blog-widget tg-column-3\">\n\t\t\t\t<div class=\"post-image image-none\">\n\t\t\t\t\t\t<span class=\"entry-date\">\n\t\t\t\t<i class=\"fa fa-clock-o\"><\/i><a href=\"http:\/\/rv-schoemberg.de\/?p=1248\" rel=\"bookmark\">September 4, 2024<\/a>\n\t\t\t<\/span>\n\t\t\t\t\t<\/div>\n\t\t<div class=\"blog-content\">\n\t\t\t<h3 class=\"entry-title\"><a href=\"http:\/\/rv-schoemberg.de\/?p=1248\">WhatsApp Kanal<\/a><\/h3>\n\t\t\t\t\t\t<div class=\"entry-summary\">\n\t\t\t\t<p>Wir m\u00f6chten allen Mitgliedern, Freunden und G\u00f6nnern des Vereins erm\u00f6glichen, \u00fcber unseren neuen \u00f6ffentlichen WhatsApp Kanal auf dem Laufenden zu [&hellip;]<\/p>\n\t\t\t<\/div>\n\t\t\t\t\t\t<div class=\"read-more-container\">\n\t\t\t\t<span class=\"entry-author\">\n\t\t\t\t\t<i class=\"fa fa-user\"><\/i><a class=\"url fn n\" href=\"http:\/\/rv-schoemberg.de\/?author=1\">AdminRVS<\/a>\n\t\t\t\t<\/span>\n\t\t\t\t<div class=\"read-more\">\n\t\t\t\t\t<a href=\"http:\/\/rv-schoemberg.de\/?p=1248\">Read More<\/a>\n\t\t\t\t<\/div>\n\t\t\t<\/div>\n\t\t\t\t\t<\/div>\n\t<\/div>\n\t\t<div class=\"tg-blog-widget tg-column-3\">\n\t\t\t\t<div class=\"post-image \">\n\t\t\t<figure><a href=\"http:\/\/rv-schoemberg.de\/?p=1008\" title=\"Wir sind bei Instagram\"><img loading=\"lazy\" decoding=\"async\" width=\"370\" height=\"270\" src=\"http:\/\/rv-schoemberg.de\/wp-content\/uploads\/2020\/06\/Instagram-370x270.png\" class=\"attachment-flash-grid size-flash-grid wp-post-image\" alt=\"\" \/><\/a><\/figure>\t\t\t<span class=\"entry-date\">\n\t\t\t\t<i class=\"fa fa-clock-o\"><\/i><a href=\"http:\/\/rv-schoemberg.de\/?p=1008\" rel=\"bookmark\">Februar 14, 2020<\/a>\n\t\t\t<\/span>\n\t\t\t\t\t<\/div>\n\t\t<div class=\"blog-content\">\n\t\t\t<h3 class=\"entry-title\"><a href=\"http:\/\/rv-schoemberg.de\/?p=1008\">Wir sind bei Instagram<\/a><\/h3>\n\t\t\t\t\t\t<div class=\"entry-summary\">\n\t\t\t\t<p>https:\/\/www.instagram.com\/p\/CBwDxG2oPyS\/ Mit diesem Kurzvideo bewirbt sich der Reiterverein Sch\u00f6mberg Stall Schmidinger um ein PM-Turnierpaket bei der FN. Wir geh\u00f6ren zum [&hellip;]<\/p>\n\t\t\t<\/div>\n\t\t\t\t\t\t<div class=\"read-more-container\">\n\t\t\t\t<span class=\"entry-author\">\n\t\t\t\t\t<i class=\"fa fa-user\"><\/i><a class=\"url fn n\" href=\"http:\/\/rv-schoemberg.de\/?author=1\">AdminRVS<\/a>\n\t\t\t\t<\/span>\n\t\t\t\t<div class=\"read-more\">\n\t\t\t\t\t<a href=\"http:\/\/rv-schoemberg.de\/?p=1008\">Read More<\/a>\n\t\t\t\t<\/div>\n\t\t\t<\/div>\n\t\t\t\t\t<\/div>\n\t<\/div>\n\t<\/div><!-- .blog-wrapper -->\n<\/div><\/div><\/div><\/div><\/div>","protected":false},"excerpt":{"rendered":"","protected":false},"author":1,"featured_media":1106,"parent":0,"menu_order":0,"comment_status":"closed","ping_status":"closed","template":"page-templates\/pagebuilder.php","meta":{"footnotes":""},"class_list":["post-19","page","type-page","status-publish","has-post-thumbnail","hentry"],"_links":{"self":[{"href":"http:\/\/rv-schoemberg.de\/index.php?rest_route=\/wp\/v2\/pages\/19","targetHints":{"allow":["GET"]}}],"collection":[{"href":"http:\/\/rv-schoemberg.de\/index.php?rest_route=\/wp\/v2\/pages"}],"about":[{"href":"http:\/\/rv-schoemberg.de\/index.php?rest_route=\/wp\/v2\/types\/page"}],"author":[{"embeddable":true,"href":"http:\/\/rv-schoemberg.de\/index.php?rest_route=\/wp\/v2\/users\/1"}],"replies":[{"embeddable":true,"href":"http:\/\/rv-schoemberg.de\/index.php?rest_route=%2Fwp%2Fv2%2Fcomments&post=19"}],"version-history":[{"count":169,"href":"http:\/\/rv-schoemberg.de\/index.php?rest_route=\/wp\/v2\/pages\/19\/revisions"}],"predecessor-version":[{"id":1150,"href":"http:\/\/rv-schoemberg.de\/index.php?rest_route=\/wp\/v2\/pages\/19\/revisions\/1150"}],"wp:featuredmedia":[{"embeddable":true,"href":"http:\/\/rv-schoemberg.de\/index.php?rest_route=\/wp\/v2\/media\/1106"}],"wp:attachment":[{"href":"http:\/\/rv-schoemberg.de\/index.php?rest_route=%2Fwp%2Fv2%2Fmedia&parent=19"}],"curies":[{"name":"wp","href":"https:\/\/api.w.org\/{rel}","templated":true}]}}