{"id":154,"date":"2018-05-08T16:43:43","date_gmt":"2018-05-08T16:43:43","guid":{"rendered":"http:\/\/rv-schoemberg.de\/?page_id=154"},"modified":"2022-06-22T14:16:00","modified_gmt":"2022-06-22T14:16:00","slug":"bildergalerie","status":"publish","type":"page","link":"http:\/\/rv-schoemberg.de\/?page_id=154","title":{"rendered":"Bildergalerie"},"content":{"rendered":"<p>In dieser Kategorie finden Sie Bilder von unseren vielf\u00e4ltigen Aktivit\u00e4ten, die wir jedes Jahr zusammen unternehmen. Wir w\u00fcnschen Ihnen viel Spa\u00df beim Durchst\u00f6bern!<\/p>\n<ul>\n<li>Bilder 2022<\/li>\n<li><a href=\"http:\/\/rv-schoemberg.de\/?page_id=1062&amp;preview=true\">Bilder 2021<\/a><\/li>\n<li><a href=\"http:\/\/rv-schoemberg.de\/?page_id=865\">Bilder 2020<\/a><\/li>\n<li><a href=\"http:\/\/rv-schoemberg.de\/?page_id=211\">Bilder 2018<\/a><\/li>\n<li><a href=\"http:\/\/rv-schoemberg.de\/?page_id=210\">Bilder 2017<\/a><\/li>\n<li><a href=\"http:\/\/rv-schoemberg.de\/?page_id=167\">Bilder 2016<\/a><\/li>\n<li><a href=\"http:\/\/rv-schoemberg.de\/?page_id=207\">Bilder 2015<\/a><\/li>\n<li><a href=\"http:\/\/rv-schoemberg.de\/?page_id=208\">Bilder 2014<\/a><\/li>\n<li><a href=\"http:\/\/rv-schoemberg.de\/?page_id=209\">Bilder 2013<\/a><\/li>\n<\/ul>\n<p><!--more--><\/p>\n\n\n<p><\/p>\n","protected":false},"excerpt":{"rendered":"<p>In dieser Kategorie finden Sie Bilder von unseren vielf\u00e4ltigen Aktivit\u00e4ten, die wir jedes Jahr zusammen unternehmen. Wir w\u00fcnschen Ihnen viel [&hellip;]<\/p>\n","protected":false},"author":1,"featured_media":1085,"parent":0,"menu_order":0,"comment_status":"closed","ping_status":"closed","template":"","meta":{"footnotes":""},"class_list":["post-154","page","type-page","status-publish","has-post-thumbnail","hentry"],"_links":{"self":[{"href":"http:\/\/rv-schoemberg.de\/index.php?rest_route=\/wp\/v2\/pages\/154","targetHints":{"allow":["GET"]}}],"collection":[{"href":"http:\/\/rv-schoemberg.de\/index.php?rest_route=\/wp\/v2\/pages"}],"about":[{"href":"http:\/\/rv-schoemberg.de\/index.php?rest_route=\/wp\/v2\/types\/page"}],"author":[{"embeddable":true,"href":"http:\/\/rv-schoemberg.de\/index.php?rest_route=\/wp\/v2\/users\/1"}],"replies":[{"embeddable":true,"href":"http:\/\/rv-schoemberg.de\/index.php?rest_route=%2Fwp%2Fv2%2Fcomments&post=154"}],"version-history":[{"count":24,"href":"http:\/\/rv-schoemberg.de\/index.php?rest_route=\/wp\/v2\/pages\/154\/revisions"}],"predecessor-version":[{"id":1223,"href":"http:\/\/rv-schoemberg.de\/index.php?rest_route=\/wp\/v2\/pages\/154\/revisions\/1223"}],"wp:featuredmedia":[{"embeddable":true,"href":"http:\/\/rv-schoemberg.de\/index.php?rest_route=\/wp\/v2\/media\/1085"}],"wp:attachment":[{"href":"http:\/\/rv-schoemberg.de\/index.php?rest_route=%2Fwp%2Fv2%2Fmedia&parent=154"}],"curies":[{"name":"wp","href":"https:\/\/api.w.org\/{rel}","templated":true}]}}